{"id":1056,"date":"2016-12-23T13:13:38","date_gmt":"2016-12-23T12:13:38","guid":{"rendered":"https:\/\/emr-sb.de\/?page_id=1056"},"modified":"2016-12-23T13:14:29","modified_gmt":"2016-12-23T12:14:29","slug":"bernd-radeck","status":"publish","type":"page","link":"https:\/\/emr-sb.de\/fr\/das-emr\/vorstand\/bernd-radeck\/","title":{"rendered":"Bernd Radeck"},"content":{"rendered":"<div id=\"attachment_1031\" style=\"width: 189px\" class=\"wp-caption alignright\"><img loading=\"lazy\" decoding=\"async\" aria-describedby=\"caption-attachment-1031\" class=\" wp-image-1031\" src=\"https:\/\/emr-sb.de\/wp-content\/uploads\/2016\/12\/20160914_Vorstand_Bild_BerndRadeck-235x300.jpg\" alt=\"\" width=\"179\" height=\"229\" srcset=\"https:\/\/emr-sb.de\/wp-content\/uploads\/2016\/12\/20160914_Vorstand_Bild_BerndRadeck-235x300.jpg 235w, https:\/\/emr-sb.de\/wp-content\/uploads\/2016\/12\/20160914_Vorstand_Bild_BerndRadeck.jpg 469w\" sizes=\"(max-width: 179px) 100vw, 179px\" \/><p id=\"caption-attachment-1031\" class=\"wp-caption-text\">Vorstandsmitglied Bernd Radeck<\/p><\/div>\n<p>Bernd Radeck studierte Rechts- und Sozialwissenschaften u. a. in Hannover.<\/p>\n<p>&nbsp;<\/p>\n<p>Ab 1987:<br \/>\n Wissenschaftlicher Mitarbeiter am Lehrgebiet f\u00fcr Staats- und Verwaltungsrecht an der Leibniz Universit\u00e4t Hannover <br \/>\n Lehrauftr\u00e4ge u. a. f\u00fcr Bau- und Planungsrecht sowie Medienrecht<\/p>\n<p>&nbsp;<\/p>\n<p>Ab 1991 beim S\u00fcdwestfunk: <br \/>\n Referent im Justitiariat <br \/>\n Referent in der Intendanz <br \/>\n Ressortleiter Recht und Leiter des Gremienb\u00fcros<\/p>\n<p>&nbsp;<\/p>\n<p>Seit 1998 <br \/>\n Justitiar des Saarl\u00e4ndischen Rundfunks<\/p>\n<p>&nbsp;<\/p>\n<p>2007 und 2008 <br \/>\n Vorsitzender der Juristischen Kommission der ARD<\/p>\n<p>&nbsp;<\/p>\n<p>2006 bis 2015<br \/>\n \u00a0Stv. Vorsitzender der Historischen Kommission der ARD<\/p>\n<p>&nbsp;<\/p>\n<p>Kontakt:<br \/>\n <strong>Saarl\u00e4ndischer Rundfunk<\/strong><br \/>\n Recht und Unternehmensentwicklung<br \/>\n Funkhaus Halberg<br \/>\n 66100 Saarbr\u00fccken<br \/>\n Telefon: +49(0)681 &#8211; 602 20 50\/20 51<br \/>\n Fax: +49(0)681 &#8211; 602 20 57<br \/>\n E-Mail: BRadeck@SR.de<br \/>\n Web: SR.de<\/p>\n<p>&nbsp;<\/p>\n","protected":false},"excerpt":{"rendered":"<p>Bernd Radeck studierte Rechts- und Sozialwissenschaften u. a. in Hannover. &nbsp; Ab 1987: Wissenschaftlicher Mitarbeiter am Lehrgebiet f\u00fcr Staats- und Verwaltungsrecht an der Leibniz Universit\u00e4t Hannover Lehrauftr\u00e4ge u. a. f\u00fcr Bau- und Planungsrecht sowie Medienrecht &nbsp; Ab 1991 beim S\u00fcdwestfunk: Referent im Justitiariat Referent in der Intendanz Ressortleiter Recht und Leiter des Gremienb\u00fcros &nbsp; Seit [&hellip;]<\/p>\n","protected":false},"author":2,"featured_media":0,"parent":261,"menu_order":16,"comment_status":"closed","ping_status":"closed","template":"","meta":{"_et_pb_use_builder":"","_et_pb_old_content":"","_et_gb_content_width":"","footnotes":""},"class_list":["post-1056","page","type-page","status-publish","hentry"],"translation":{"provider":"WPGlobus","version":"3.0.2","language":"fr","enabled_languages":["de","fr","gb"],"languages":{"de":{"title":true,"content":true,"excerpt":false},"fr":{"title":false,"content":false,"excerpt":false},"gb":{"title":false,"content":false,"excerpt":false}}},"_links":{"self":[{"href":"https:\/\/emr-sb.de\/fr\/wp-json\/wp\/v2\/pages\/1056","targetHints":{"allow":["GET"]}}],"collection":[{"href":"https:\/\/emr-sb.de\/fr\/wp-json\/wp\/v2\/pages"}],"about":[{"href":"https:\/\/emr-sb.de\/fr\/wp-json\/wp\/v2\/types\/page"}],"author":[{"embeddable":true,"href":"https:\/\/emr-sb.de\/fr\/wp-json\/wp\/v2\/users\/2"}],"replies":[{"embeddable":true,"href":"https:\/\/emr-sb.de\/fr\/wp-json\/wp\/v2\/comments?post=1056"}],"version-history":[{"count":6,"href":"https:\/\/emr-sb.de\/fr\/wp-json\/wp\/v2\/pages\/1056\/revisions"}],"predecessor-version":[{"id":1076,"href":"https:\/\/emr-sb.de\/fr\/wp-json\/wp\/v2\/pages\/1056\/revisions\/1076"}],"up":[{"embeddable":true,"href":"https:\/\/emr-sb.de\/fr\/wp-json\/wp\/v2\/pages\/261"}],"wp:attachment":[{"href":"https:\/\/emr-sb.de\/fr\/wp-json\/wp\/v2\/media?parent=1056"}],"curies":[{"name":"wp","href":"https:\/\/api.w.org\/{rel}","templated":true}]}}