{"id":1130,"date":"2017-01-03T17:38:20","date_gmt":"2017-01-03T16:38:20","guid":{"rendered":"https:\/\/emr-sb.de\/?page_id=1130"},"modified":"2020-07-23T12:05:24","modified_gmt":"2020-07-23T10:05:24","slug":"datenschutzerklaerung","status":"publish","type":"page","link":"https:\/\/emr-sb.de\/fr\/datenschutzerklaerung\/","title":{"rendered":"Datenschutzerkl\u00e4rung"},"content":{"rendered":"<p>Ihre Daten geh\u00f6ren nur Ihnen &#8211; das ist uns bewusst. Wenn Sie allerdings in Kontakt mit uns treten &#8211; etwa durch den Besuch dieser Webseite, die Teilnahme an unseren Veranstaltungen oder eine Kommunikation per Mail &#8211; kommen wir zwangsl\u00e4ufig auch mit Ihren Daten in Ber\u00fchrung. Das bedeutet, wir &#8220;verarbeiten&#8221; Ihre personenbezogenen Daten wie beispielsweise Ihre IP-Adresse, Ihre E-Mail-Adresse oder Ihren Namen. Dabei sind wir darauf bedacht, dass Sie stets die Kontrolle und den \u00dcberblick \u00fcber diese Prozesse behalten. Nachfolgend m\u00f6chten wir Sie daher so transparent wie m\u00f6glich \u00fcber den Umgang mit Ihren Daten informieren und Ihnen Optionen aufzeigen, wie Sie darauf Einfluss nehmen k\u00f6nnen.\u00a0<\/p>\n<p><strong><em>Wir<\/em><\/strong> sind in diesem Fall das Institut f\u00fcr Europ\u00e4isches Medienrecht (EMR) e.V. und seine Mitarbeiter. Sollten Sie weitere Informationen ben\u00f6tigen oder etwaige R\u00fcckfragen zum Datenschutz haben, z\u00f6gern Sie nicht, uns auch direkt zu kontaktieren. Sie erreichen uns telefonisch (+49681-906-766-76), per E-Mail (emr@emr-sb.de) oder per Post (Franz-Mai-Stra\u00dfe 6, 66121 Saarbr\u00fccken).<\/p>\n<p>Das EMR ist Diensteanbieter nach den Bestimmungen des \u00a7 13 Telemediengesetz (TMG) und verantwortliche Stelle im Sinne der Datenschutz-Grundverordnung (DS-GVO).\u00a0<\/p>\n<h2>Rein informatorische Nutzung unserer Webseite<\/h2>\n<p>Die Webseite des EMR wird von einem externen Dienstleister, der STRATO AG, gehostet. Bei Aufruf der Webseite erhebt und speichert die STRATO AG Zugriffsdaten (sog. Server-Logfiles) im Auftrag des EMR. Diese Logfiles enthalten in der Regel die IP-Adresse, Art des Browsers und Systemkonfiguration des Ger\u00e4tes, mit dem Sie auf die Webseite oder einen Dienst auf der Webseite zugreifen, Datum und Uhrzeit des Zugriffs, sowie die URL der Webseite, die Sie zuvor besucht haben. Diese Daten werden lediglich f\u00fcr statistische Zwecke und zur Verbesserung des Angebots ausgewertet. Au\u00dferdem werden diese Daten bei technischen Problemen herangezogen, um die Webseite vor missbr\u00e4uchlichen Zugriffen zu sch\u00fctzen. Die IP-Adressen werden von der STRATO AG kurze Zeit nach Beendigung der Verbindung zu unserer Webseite anonymisiert.<\/p>\n<p>Weitere Informationen finden Sie auch unter https:\/\/www.strato.de\/datenschutz\/.<\/p>\n<h2>Nutzung von Google Maps<\/h2>\n<p>Diese Webseite nutzt zur visuellen Darstellung von Kartenmaterial die &#8220;Google Maps API&#8221; des Unternehmens\u00a0Google Inc. (Google). Diese Funktion wird insbesondere bei der Information \u00fcber Veranstaltungen des EMR eingebunden, damit Teilnehmer sofort einen \u00dcberblick \u00fcber den Veranstaltungsort erhalten und ggf. direkt Ihre Anreise planen k\u00f6nnen. Bei der Nutzung von Google Maps werden von Google auch Daten \u00fcber die Nutzung der Maps-Funktionen durch Besucher der Webseiten erhoben, verarbeitet und genutzt.\u00a0<\/p>\n<p>Die Nutzungsbedingungen f\u00fcr Google Maps finden Sie unter\u00a0<a href=\"http:\/\/www.google.com\/intl\/de_de\/help\/terms_maps.html\" target=\"_blank\" rel=\"noopener\">Nutzungsbedingungen f\u00fcr Google Maps<\/a>.\u00a0Weitere Informationen zu den\u00a0Datenschutzrichtlinien von Google finden Sie unter:\u00a0<a href=\"https:\/\/www.google.com\/intl\/de\/policies\/privacy\/\" target=\"_blank\" rel=\"noopener\">https:\/\/www.google.com\/intl\/de\/policies\/privacy\/<\/a>.<\/p>\n<p>Wir betrachten diese Funktion als bequeme Serviceleistung f\u00fcr Sie. Sollten Sie allerdings die Datenerhebung und -nutzung durch Google nicht w\u00fcnschen, k\u00f6nnen Sie diese in den Privatsph\u00e4re-Einstellungen Ihres Browser sowie ggf. auch in Ihren Google-Konto-Einstellungen verhindern.\u00a0<\/p>\n<h2>Teilen von Artikeln \u00fcber unsere Webseite\u00a0<\/h2>\n<p>Auf unserer Webseite besteht die M\u00f6glichkeit, Artikel durch einen Klick auf ein Briefsymbol mit von Ihnen ausgew\u00e4hlten Kontakten zu teilen. In diesem Fall erfolgt durch uns nur eine Weiterleitung, die Daten\u00fcbermittlung selbst erfolgt durch Ihren jeweiligen E-Mail-Provider, sodass auch dessen Datenschutzbestimmungen gelten.\u00a0<\/p>\n<h2>Presseverteiler und EMR-Newsletter<\/h2>\n<p>Das EMR versendet einen regelm\u00e4\u00dfigen Newsletter, in dem \u00fcber aktuelle medienrechtliche und medienpolitische Entwicklungen aus Deutschland, Europa und der Welt berichtet wird. Zudem informieren wir per E-Mail \u00fcber aktuelle Publikationen, Forschungsergebnisse und Veranstaltungen des EMR. Dabei werden personenbezogene Daten in Form der E-Mail-Adresse und ggf. des Namens der Empf\u00e4nger verarbeitet.\u00a0<\/p>\n<p>Zum Empfang dieser Meldungen gibt es\u00a0 grunds\u00e4tzlich zwei M\u00f6glichkeiten:<br \/>\nEinerseits k\u00f6nnen Sie sich direkt hierzu anmelden. Diese Anmeldung k\u00f6nnen Sie jederzeit kostenfrei r\u00fcckg\u00e4ngig machen (Ihre Einwilligung also widerrufen), indem Sie sich einfach unter den unten angegebenen Kontaktangaben an uns wenden.\u00a0<br \/>\nAndererseits nehmen wir regelm\u00e4\u00dfig Kontaktdaten von Personen in unsere Verteilerliste auf, die mit unseren Leistungen in Kontakt gekommen sind, indem sie beispielsweise an Veranstaltungen von uns teilgenommen haben. In diesem Fall gehen wir davon aus, dass diese Personen auch zuk\u00fcnftig ein Interesse an der Teilhabe an unseren Leistungen (Veranstaltungen, Publikation, Forschungsergebnisse, &#8230;) und Informationen haben, die wir als gemeinn\u00fctziger Verein ganz \u00fcberwiegend kostenlos zur Verf\u00fcgung stellen (Art. 6 Abs. 1 lit. f) DS-GVO). Selbstverst\u00e4ndlich k\u00f6nnen Sie dem aber jederzeit widersprechen,\u00a0indem Sie sich einfach unter den unten angegebenen Kontaktangaben an uns wenden. In diesem Fall werden Sie keine Mails mehr von uns erhalten.\u00a0<\/p>\n<h2>Kontaktaufnahme per Kontaktformular oder E-Mail<\/h2>\n<p>Bei einer Kontaktaufnahme oder Anfrage gegen\u00fcber dem EMR speichern wir die von Ihnen angegebenen Daten und pers\u00f6nlichen Kontaktinformationen (insbesondere Ihre E-Mail-Adresse), solange und soweit dies f\u00fcr die Bearbeitung Ihres Anliegens und eventuell auftretender R\u00fcckfragen erforderlich ist. Wir weisen darauf hin, dass die Kommunikation per E-Mail in der Regel unverschl\u00fcsselt erfolgt und daher Sicherheitsl\u00fccken aufweisen kann. Ein l\u00fcckenloser Schutz der Daten vor dem Zugriff durch Dritte kann somit von uns nicht garantiert werden.<\/p>\n<h2>Veranstaltungen des EMR<\/h2>\n<p>Sollten Sie sich \u00fcber unsere Webseite oder auf anderem Wege zu Tagungen oder anderen Veranstaltungen anmelden, speichern und verarbeiten wir die von Ihnen angegebenen Daten (insbesondere Name in Verbindung mit Datum, Art und Zusatzinformationen der Veranstaltung und Anmeldung) solange und soweit dies zur erfolgreichen Durchf\u00fchrung der Anmeldung und Veranstaltung erforderlich ist. Zudem speichern wir Ihre Kontaktdaten (in der Regel Ihre E-Mail-Adresse), um Sie \u00fcber eventuelle \u00c4nderungen in Bezug auf die Veranstaltung informieren zu k\u00f6nnen.\u00a0<\/p>\n<p>Au\u00dferdem erstellen wir regelm\u00e4\u00dfig Teilnehmerlisten, die die Vor- und Nachnamen sowie die Institution\/Funktion der Teilnehmer enthalten und unter den Teilnehmern im Rahmen der Veranstaltung verteilt werden. Wir gehen davon aus, dass diese Vorgehensweise die pers\u00f6nliche Kontaktaufnahme erleichtert und daher auch im Interesse der Teilnehmer liegt (Art. 6 abs. 1 lit. f) DS-GVO). Sollte dies nicht der Fall sein, k\u00f6nnen Sie dem selbstverst\u00e4ndlich jederzeit uns gegen\u00fcber widersprechen.\u00a0<\/p>\n<h2>Ver\u00f6ffentlichung von Foto- und Videoaufnahmen unserer Veranstaltungen\u00a0<\/h2>\n<p>Bei einigen unserer Veranstaltungen erstellen wir oder ein von uns beauftragter Fotograf Video- und\/oder Bildaufnahmen, die regelm\u00e4\u00dfig auch Teilnehmer und Referenten identifizierbar abbilden. Hier\u00fcber informieren wir die Teilnehmer im Rahmen der jeweiligen Veranstaltung. Wir speichern diese Aufnahmen in unserem gesicherten Netzwerk, um die Veranstaltung auch bebildert dokumentieren zu k\u00f6nnen, und ver\u00f6ffentlichen diese teilweise auch auf unserer Webseite, um die Veranstaltung publikumswirksam nach au\u00dfen darstellen zu k\u00f6nnen und interessierten Teilnehmern Zugriff auf die Aufnahmen zu gew\u00e4hren (Art. 6 Abs. 1 lit. f) DS-GVO). Sollten Sie selbst auf den Aufnahmen zu sehen sein und eine Speicherung und\/oder Ver\u00f6ffentlichung auf unserer Webseite nicht w\u00fcnschen, k\u00f6nnen Sie dem jederzeit uns gegen\u00fcber unter den unten angegebenen Kontaktdaten widersprechen.\u00a0<\/p>\n<h2>Datensicherheit<\/h2>\n<p>Wir treffen technische und organisatorische Sicherheitsvorkehrungen, um Ihre personenbezogenen Daten gegen zuf\u00e4llige oder vors\u00e4tzliche Manipulationen, Verlust, Zerst\u00f6rung oder gegen den Zugriff unberechtigter Personen zu sch\u00fctzen und den Schutz Ihrer Rechte und die Einhaltung der anwendbaren nationalen und europ\u00e4ischen Datenschutzvorschriften zu gew\u00e4hrleisten. Unsere Datenverarbeitung und unsere Sicherheitsma\u00dfnahmen werden jeweils dem aktuellen Stand der Technik angepasst.<\/p>\n<p>Diese Vorkehrungen sollen die Vertraulichkeit und Integrit\u00e4t Ihrer Daten sowie die Verf\u00fcgbarkeit und Belastbarkeit der Systeme und Dienste bei deren Verarbeitung dauerhaft sicherstellen. Sie sollen au\u00dferdem die Verf\u00fcgbarkeit der Daten und den Zugang zu ihnen bei einem physischen oder technischen Zwischenfall schnellstm\u00f6glich wiederherstellen.<\/p>\n<p>Zu unseren Sicherheitsma\u00dfnahmen &#8211; vor allem gegen den Zugriff von unbefugten Dritten &#8211; geh\u00f6rt auch eine Verschl\u00fcsselung Ihrer Daten. Alle Informationen, die Sie online auf unserer Webseite eingeben, werden verschl\u00fcsselt und erst dann \u00fcbermittelt.<\/p>\n<p>Unsere Mitarbeiter sind im \u00dcbrigen zur Vertraulichkeit im Umgang mit Ihren Daten verpflichtet.<\/p>\n<h2>Ihre Rechte<\/h2>\n<p><strong>Auskunft<\/strong>: Sie haben das Recht, von uns jederzeit Auskunft zu verlangen \u00fcber die zu Ihnen bei uns gespeicherten Daten, sowie zu deren Herkunft, Empf\u00e4ngern oder Kategorien von Empf\u00e4ngern, an die diese Daten weitergegeben werden und den Zweck der Speicherung (Art. 15 DS-GVO).<\/p>\n<p><strong>Widerspruch<\/strong>: Sie haben das Recht, jederzeit aus Gr\u00fcnden, die sich aus Ihrer besonderen Situation ergeben, bei Vorliegen der gesetzlichen Voraussetzungen gegen die Verarbeitung Ihrer Daten Widerspruch einzulegen. Die Rechtm\u00e4\u00dfigkeit der bis zum Widerspruch erfolgten Verarbeitung bleibt dadurch unber\u00fchrt (Art. 21 DS-GVO).<\/p>\n<p><strong>Berichtigung, Sperrung und L\u00f6schung<\/strong>: Sie sind ebenfalls berechtigt eine Berichtigung, L\u00f6schung oder Sperrung Ihrer personenbezogenen Daten zu verlangen, soweit dem keine gesetzlichen Vorschriften entgegenstehen (Art. 16, 17 DS-GVO).<\/p>\n<p><strong>Widerruf<\/strong>: Ihre Einwilligung zur Speicherung Ihrer E-Mail-Adresse sowie deren Nutzung zum Versand des Newsletters k\u00f6nnen Sie jederzeit widerrufen (Art. 7 Abs. 3 DS-GVO).<\/p>\n<p>Die Anspr\u00fcche k\u00f6nnen jederzeit kostenlos gegen\u00fcber uns unter den nachfolgenden Kontaktdaten geltend gemacht werden<\/p>\n<h2>Kontakt<\/h2>\n<p>Institut f\u00fcr Europ\u00e4isches Medienrecht e.V. (EMR)<br \/>\nFranz-Mai-Stra\u00dfe 6<br \/>\nD-66121 Saarbr\u00fccken<\/p>\n<p>Tel.: +49 (0)681\/906 766 76<\/p>\n<p>Fax: +49 (0)681\/968 638 90<\/p>\n<p>E-Mail: emr@emr-sb.de<\/p>\n<h2>Beschwerden und zust\u00e4ndige Datenschutzaufsicht\u00a0<\/h2>\n<p>Wenn Sie annehmen, durch unsere Datenverarbeitungsvorg\u00e4nge in Ihren Rechten verletzt worden zu sein, k\u00f6nnen Sie sich gerne direkt an uns wenden und wir versuchen so schnell wie m\u00f6glich eine zufriedenstellende L\u00f6sung zu finden.<\/p>\n<div class=\"abstract\">\n<p>Sollte Ihnen das im Einzelfall jedoch nicht gen\u00fcgen oder aus Ihrer Sicht zu keinem entsprechenden Ergebnis gef\u00fchrt haben, k\u00f6nnen Sie sich im Wege der Beschwerde an die zust\u00e4ndige Datenschutzaufsichtsbeh\u00f6rde wenden. Diese geht der Beschwerde nach und unterrichtet Sie \u00fcber das Ergebnis. Zust\u00e4ndig ist in diesem Fall:\u00a0<\/p>\n<div><strong>die Landesbeauftragte f\u00fcr Datenschutz und Informationsfreiheit<br \/>\n<\/strong><strong>Monika Grethel<\/strong><br \/>\nFritz-Dobisch-Str. 12\u00a0<br \/>\n66111 Saarbr\u00fccken<\/div>\n<\/div>\n","protected":false},"excerpt":{"rendered":"<p>Ihre Daten geh\u00f6ren nur Ihnen &#8211; das ist uns bewusst. Wenn Sie allerdings in Kontakt mit uns treten &#8211; etwa durch den Besuch dieser Webseite, die Teilnahme an unseren Veranstaltungen oder eine Kommunikation per Mail &#8211; kommen wir zwangsl\u00e4ufig auch mit Ihren Daten in Ber\u00fchrung. Das bedeutet, wir &#8220;verarbeiten&#8221; Ihre personenbezogenen Daten wie beispielsweise Ihre [&hellip;]<\/p>\n","protected":false},"author":1,"featured_media":0,"parent":0,"menu_order":24,"comment_status":"closed","ping_status":"closed","template":"","meta":{"_et_pb_use_builder":"","_et_pb_old_content":"","_et_gb_content_width":"","footnotes":""},"class_list":["post-1130","page","type-page","status-publish","hentry"],"translation":{"provider":"WPGlobus","version":"3.0.2","language":"fr","enabled_languages":["de","fr","gb"],"languages":{"de":{"title":true,"content":true,"excerpt":false},"fr":{"title":false,"content":false,"excerpt":false},"gb":{"title":false,"content":false,"excerpt":false}}},"_links":{"self":[{"href":"https:\/\/emr-sb.de\/fr\/wp-json\/wp\/v2\/pages\/1130","targetHints":{"allow":["GET"]}}],"collection":[{"href":"https:\/\/emr-sb.de\/fr\/wp-json\/wp\/v2\/pages"}],"about":[{"href":"https:\/\/emr-sb.de\/fr\/wp-json\/wp\/v2\/types\/page"}],"author":[{"embeddable":true,"href":"https:\/\/emr-sb.de\/fr\/wp-json\/wp\/v2\/users\/1"}],"replies":[{"embeddable":true,"href":"https:\/\/emr-sb.de\/fr\/wp-json\/wp\/v2\/comments?post=1130"}],"version-history":[{"count":19,"href":"https:\/\/emr-sb.de\/fr\/wp-json\/wp\/v2\/pages\/1130\/revisions"}],"predecessor-version":[{"id":5288,"href":"https:\/\/emr-sb.de\/fr\/wp-json\/wp\/v2\/pages\/1130\/revisions\/5288"}],"wp:attachment":[{"href":"https:\/\/emr-sb.de\/fr\/wp-json\/wp\/v2\/media?parent=1130"}],"curies":[{"name":"wp","href":"https:\/\/api.w.org\/{rel}","templated":true}]}}