{"id":178,"date":"2016-10-13T23:13:36","date_gmt":"2016-10-13T21:13:36","guid":{"rendered":"http:\/\/emr.eear.eu\/emr_wp\/?page_id=178"},"modified":"2017-09-06T17:05:57","modified_gmt":"2017-09-06T15:05:57","slug":"veranstaltungen","status":"publish","type":"page","link":"https:\/\/emr-sb.de\/fr\/veranstaltungen\/","title":{"rendered":"Veranstaltungen"},"content":{"rendered":"<p>Mit seinen Veranstaltungen leistet das EMR als Informations- und Kommunikationsplattform einen besonderen Beitrag zur Fortentwicklung von Medienrecht und \u2013politik sowie der damit verbundenen Rechtsgebiete wie Datenschutz-, Datensicherheits- und Wettbewerbsrecht. Die Veranstaltungen richten sich an Wissenschaftler, politische Entscheidungstr\u00e4ger, Unternehmen und die interessierte \u00d6ffentlichkeit.<\/p>\n<p>Seit seinem Bestehen hat das Institut mehr als 100 Konferenzen, Workshops, Panel und Expertengespr\u00e4che zu aktuellen Fragestellungen durchgef\u00fchrt. Dabei wird es regelm\u00e4\u00dfig von seinen Partnern, die das inhaltliche und organisatorische Know-how des EMR seit mehr als 20 Jahren nutzen, aktiv unterst\u00fctzt.<\/p>\n<p>Neben regelm\u00e4\u00dfigen Tagungen wie dem \u201eEMR\u2013Lunch\u201c in Berlin oder den \u201eMedientagen Mu\u0308nchen\u201c finden Veranstaltungen in vielen anderen Orten Deutschlands und Europas statt. So etwa in Saarbru\u0308cken und Leipzig( im Rahmen der Medien- Expertenseminare unter deutscher EU-Ratspr\u00e4sidentschaft) oder aber auch in Br\u00fcssel (ERA, 2017) oder in London (2011), Saarbru\u0308cken (2009) und Stra\u00dfburg (2006) (in Zusammenarbeit mit der Europ\u00e4ischen Audiovisuellen Informationsstelle).<\/p>\n<p>CONTENTS<\/p>\n","protected":false},"excerpt":{"rendered":"<p>Mit seinen Veranstaltungen leistet das EMR als Informations- und Kommunikationsplattform einen besonderen Beitrag zur Fortentwicklung von Medienrecht und \u2013politik sowie der damit verbundenen Rechtsgebiete wie Datenschutz-, Datensicherheits- und Wettbewerbsrecht. Die Veranstaltungen richten sich an Wissenschaftler, politische Entscheidungstr\u00e4ger, Unternehmen und die interessierte \u00d6ffentlichkeit. Seit seinem Bestehen hat das Institut mehr als 100 Konferenzen, Workshops, Panel und [&hellip;]<\/p>\n","protected":false},"author":1,"featured_media":10,"parent":0,"menu_order":15,"comment_status":"closed","ping_status":"closed","template":"","meta":{"_et_pb_use_builder":"","_et_pb_old_content":"","_et_gb_content_width":"","footnotes":""},"class_list":["post-178","page","type-page","status-publish","has-post-thumbnail","hentry"],"translation":{"provider":"WPGlobus","version":"3.0.2","language":"fr","enabled_languages":["de","fr","gb"],"languages":{"de":{"title":true,"content":true,"excerpt":false},"fr":{"title":false,"content":false,"excerpt":false},"gb":{"title":false,"content":false,"excerpt":false}}},"_links":{"self":[{"href":"https:\/\/emr-sb.de\/fr\/wp-json\/wp\/v2\/pages\/178","targetHints":{"allow":["GET"]}}],"collection":[{"href":"https:\/\/emr-sb.de\/fr\/wp-json\/wp\/v2\/pages"}],"about":[{"href":"https:\/\/emr-sb.de\/fr\/wp-json\/wp\/v2\/types\/page"}],"author":[{"embeddable":true,"href":"https:\/\/emr-sb.de\/fr\/wp-json\/wp\/v2\/users\/1"}],"replies":[{"embeddable":true,"href":"https:\/\/emr-sb.de\/fr\/wp-json\/wp\/v2\/comments?post=178"}],"version-history":[{"count":10,"href":"https:\/\/emr-sb.de\/fr\/wp-json\/wp\/v2\/pages\/178\/revisions"}],"predecessor-version":[{"id":4621,"href":"https:\/\/emr-sb.de\/fr\/wp-json\/wp\/v2\/pages\/178\/revisions\/4621"}],"wp:featuredmedia":[{"embeddable":true,"href":"https:\/\/emr-sb.de\/fr\/wp-json\/wp\/v2\/media\/10"}],"wp:attachment":[{"href":"https:\/\/emr-sb.de\/fr\/wp-json\/wp\/v2\/media?parent=178"}],"curies":[{"name":"wp","href":"https:\/\/api.w.org\/{rel}","templated":true}]}}