{"id":21,"date":"2016-10-13T19:57:51","date_gmt":"2016-10-13T17:57:51","guid":{"rendered":"http:\/\/emr.eear.eu\/emr_wp\/?page_id=21"},"modified":"2017-09-06T17:08:52","modified_gmt":"2017-09-06T15:08:52","slug":"publikationen","status":"publish","type":"page","link":"https:\/\/emr-sb.de\/fr\/publikationen\/","title":{"rendered":"Publikationen"},"content":{"rendered":"<p>Das EMR pflegt eine intensive Publikationst\u00e4tigkeit in deutscher und englischer Sprache, mit der es die interessierte Fach\u00f6ffentlichkeit zu zahlreichen Fragen des europ\u00e4ischen und nationalen Medienrechts informiert sowie einen \u00dcberblick \u00fcber aktuelle Entwicklungen in der Branche bietet.<\/p>\n<p>Das vielf\u00e4ltige Publikationsprogramm des EMR besteht aus mehreren Komponenten: Den wissenschaftlichen Arbeiten und diversen Beitr\u00e4gen in der eigenen Ver\u00f6ffentlichungsreihe des Instituts und in externen Publikationen im Rahmen der zahlreichen Kooperationsprojekte des EMR mit in- und ausl\u00e4ndischen Partnern sowie den Werken einzelner Wissenschaftler.<\/p>\n<p>&nbsp;<\/p>\n<p><strong>Eigene Publikationen und Reihen: <\/strong><\/p>\n<h2>EMR Schriften<\/h2>\n<p>In der eigenen Schriftenreihe werden Tagungen dokumentiert, Gutachten und Forschungsergebnisse publiziert sowie Dissertationen und Festschriften herausgegeben.<\/p>\n<p>Sie besteht aus der:<\/p>\n<ul>\n<li>EMR \u2013 Schriftenreihe<\/li>\n<li>EMR \u2013 Script<\/li>\n<li>EMR \u2013 Das aktuelle Stichwort<\/li>\n<\/ul>\n<h2>EMR T\u00e4tigkeitsbericht<\/h2>\n<p>Mit den j\u00e4hrlichen T\u00e4tigkeitsberichten bietet das EMR einen \u00dcberblick \u00fcber seine Arbeit im Laufe des vergangenen Jahres.<\/p>\n<p>&nbsp;<\/p>\n<p><strong>Mitarbeit in externen Publikationen und Reihen:<\/strong><\/p>\n<h2>European Data Protection Law Review<\/h2>\n<p>Die EDPL ist eine viertelj\u00e4hrlich im Lexxion Verlag erscheinende Fachzeitschrift f\u00fcr Datenschutz. Der inhaltliche Schwerpunkt liegt in der Entwicklung und Umsetzung von Datenschutzgesetzen und -politik in den EU-Mitgliedstaaten.<\/p>\n<p>Im Rahmen der Kooperation mit dem Verlag stellt das EMR in der Rubrik \u201eReports\u201c regelm\u00e4\u00dfig europ\u00e4ische und nationale Entwicklungen im Datenschutzrecht entlang thematischer Schwerpunkte oder einzelfallbezogener Ereignisse dar. Der Wissenschaftliche Direktor des EMR, Prof. Dr. Mark D. Cole ist zudem Mitherausgeber der EDPL.<\/p>\n<h2>IRIS Reihe<\/h2>\n<p>Die Schriftenreihe \u201eIRIS\u201c wird von der Europ\u00e4ischen Audiovisuellen Informationsstelle (EAI) in Stra\u00dfburg herausgegeben.<\/p>\n<p>Es handelt sich um Publikationen zu aktuellen Themen aus dem Medienrecht und verwandten Rechtsgebieten mit jeweils eigenst\u00e4ndiger Ausrichtung. Ein besonderes Augenmerk gilt dabei den audiovisuellen Medien.<\/p>\n<p>Als Partnerorganisation der EAI ist das EMR als Redaktionsmitglied an der Erstellung folgender Produkte beteiligt:<\/p>\n<ul>\n<li>IRIS Newsletters<\/li>\n<li>IRIS plus<\/li>\n<li>IRIS Spezial<\/li>\n<\/ul>\n<h2>Newsdienst MMR Aktuell<\/h2>\n<p>Der \u201eNewsdienst MMR-Aktuell\u201c ist ein 14-t\u00e4gig erscheinender elektronischen Newsletter der Zeitschrift Multimedia &amp; Recht (MMR), in welchem das EMR in einer eigenen Kolumne mittels Kurzbeitr\u00e4gen \u00fcber neue nationale und europ\u00e4ische Rechtsakte und Gerichtsentscheidungen informiert.<\/p>\n<h2>Newsdienst ZD-Aktuell<\/h2>\n<p>Der zweimal im Monat erscheinende \u201eNewsdienst ZD-Aktuell\u201c der Zeitschrift f\u00fcr Datenschutz (ZD) bietet einen kompakten \u00dcberblick \u00fcber die Entwicklungen im Datenschutzrecht.<\/p>\n<p>Entsprechende Fachberichten des EMR werden in einer eigenen Kolumne publiziert.<\/p>\n<h2>EMR-Newsletter f\u00fcr Mitglieder<\/h2>\n<p>Den EMR-Newsletter erhalten die Mitglieder, F\u00f6rderer und Partner des EMR. Er enth\u00e4lt\u00a0 eine Vielzahl von Kurzberichten \u00fcber relevante Entwicklungen des Medienrechts in Europa unter anderem best\u00fcckt mit Beitr\u00e4gen aus dem Korrespondentennetzwerk des EMR. Er bietet somit unseren Mitgliedern und F\u00f6rderern einen deutlich vertieften Einblick in die aktuellen rechtlichen Entwicklungen.<\/p>\n<h2>Visitor-Newsletter<\/h2>\n<p>In unserem Visitor-Newsletter informieren wir Sie (monatlich) kostenlos \u00fcber aktuelle medienrechtliche und -politische Themen samt angrenzender Rechtsgebiete wie dem Datenschutz- und Wettbewerbsrecht auf europ\u00e4ischer und nationaler Ebene sowie \u00fcber anstehende Veranstaltungen des EMR.<\/p>\n","protected":false},"excerpt":{"rendered":"<p>Das EMR pflegt eine intensive Publikationst\u00e4tigkeit in deutscher und englischer Sprache, mit der es die interessierte Fach\u00f6ffentlichkeit zu zahlreichen Fragen des europ\u00e4ischen und nationalen Medienrechts informiert sowie einen \u00dcberblick \u00fcber aktuelle Entwicklungen in der Branche bietet. Das vielf\u00e4ltige Publikationsprogramm des EMR besteht aus mehreren Komponenten: Den wissenschaftlichen Arbeiten und diversen Beitr\u00e4gen in der eigenen Ver\u00f6ffentlichungsreihe [&hellip;]<\/p>\n","protected":false},"author":1,"featured_media":924,"parent":0,"menu_order":17,"comment_status":"closed","ping_status":"closed","template":"","meta":{"_et_pb_use_builder":"","_et_pb_old_content":"","_et_gb_content_width":"","footnotes":""},"class_list":["post-21","page","type-page","status-publish","has-post-thumbnail","hentry"],"translation":{"provider":"WPGlobus","version":"3.0.2","language":"fr","enabled_languages":["de","fr","gb"],"languages":{"de":{"title":true,"content":true,"excerpt":false},"fr":{"title":false,"content":false,"excerpt":false},"gb":{"title":false,"content":false,"excerpt":false}}},"_links":{"self":[{"href":"https:\/\/emr-sb.de\/fr\/wp-json\/wp\/v2\/pages\/21","targetHints":{"allow":["GET"]}}],"collection":[{"href":"https:\/\/emr-sb.de\/fr\/wp-json\/wp\/v2\/pages"}],"about":[{"href":"https:\/\/emr-sb.de\/fr\/wp-json\/wp\/v2\/types\/page"}],"author":[{"embeddable":true,"href":"https:\/\/emr-sb.de\/fr\/wp-json\/wp\/v2\/users\/1"}],"replies":[{"embeddable":true,"href":"https:\/\/emr-sb.de\/fr\/wp-json\/wp\/v2\/comments?post=21"}],"version-history":[{"count":19,"href":"https:\/\/emr-sb.de\/fr\/wp-json\/wp\/v2\/pages\/21\/revisions"}],"predecessor-version":[{"id":4226,"href":"https:\/\/emr-sb.de\/fr\/wp-json\/wp\/v2\/pages\/21\/revisions\/4226"}],"wp:featuredmedia":[{"embeddable":true,"href":"https:\/\/emr-sb.de\/fr\/wp-json\/wp\/v2\/media\/924"}],"wp:attachment":[{"href":"https:\/\/emr-sb.de\/fr\/wp-json\/wp\/v2\/media?parent=21"}],"curies":[{"name":"wp","href":"https:\/\/api.w.org\/{rel}","templated":true}]}}