{"id":256,"date":"2016-11-10T13:58:09","date_gmt":"2016-11-10T12:58:09","guid":{"rendered":"http:\/\/emr.eear.eu\/emr_wp\/?page_id=256"},"modified":"2020-07-23T11:22:26","modified_gmt":"2020-07-23T09:22:26","slug":"impressum","status":"publish","type":"page","link":"https:\/\/emr-sb.de\/fr\/impressum\/","title":{"rendered":"Impressum"},"content":{"rendered":"<p>Anbieter dieser Website bzw. Verwender der elektronischen Nachricht ist das:<\/p>\n<p>Institut f\u00fcr Europ\u00e4isches Medienrecht e.V. (EMR)<\/p>\n<p>Franz-Mai-Stra\u00dfe 6<\/p>\n<p>66121 Saarbr\u00fccken<\/p>\n<p>Deutschland<\/p>\n<p>Tel.: +49 (0)681\/906 766 76<\/p>\n<p>Fax: +49 (0)681\/968 638 90<\/p>\n<p>E-Mail: emr@emr-sb.de<\/p>\n<p>&nbsp;<\/p>\n<p>Vertreten durch:<\/p>\n<p>Den Direktor und Vorsitzenden des Vorstandes des Institutes f\u00fcr Europ\u00e4isches Medienrecht e. V., Herrn RA Prof. Dr. Stephan Ory<\/p>\n<p>&nbsp;<\/p>\n<p>Kontakt:<\/p>\n<p>Institut f\u00fcr Europ\u00e4isches Medienrecht e.V. (EMR)<\/p>\n<p>Franz-Mai-Stra\u00dfe 6<\/p>\n<p>66121 Saarbr\u00fccken<\/p>\n<p>Deutschland<\/p>\n<p>Tel.: +49 (0)681\/906 766 76<\/p>\n<p>Fax: +49 (0)681\/968 638 90<\/p>\n<p>E-Mail: emr@emr-sb.de\u00a0<\/p>\n<p>&nbsp;<\/p>\n<p>Registereintrag:<\/p>\n<p>Eingetragen im Vereinsregister des Amtsgerichts Saarbr\u00fccken.<\/p>\n<p>Registernummer: VR-Nr.: 3646<\/p>\n<p>&nbsp;<\/p>\n<p>Umsatzsteuer-ID:<\/p>\n<p>Umsatzsteuer-Identifikationsnummer: DE 811656825<\/p>\n<p>IBAN: DE20 5909 2000 1970 6100 02<\/p>\n<p>Vorstand des Vereins i. S. d. BGB: RA Prof. Dr. Stephan Ory; RA Reinhold Kopp; Dr. J\u00f6rg Ukrow\u00a0<\/p>\n<p>&nbsp;<\/p>\n<p>Verantwortlich f\u00fcr den Inhalt:<\/p>\n<p>Die inhaltliche Verantwortung tr\u00e4gt:<\/p>\n<p>Das gesch\u00e4ftsf\u00fchrende Vorstandsmitglied Dr. J\u00f6rg Ukrow<\/p>\n<p>E-Mail: emr@emr-sb.de<\/p>\n<p>&nbsp;<\/p>\n<p>Angabe zur Kammer\/ Zulassungsbeh\u00f6rde:<\/p>\n<p>Zulassungsbeh\u00f6rde i. S. d. gesetzlichen Vorschriften in Bezug auf die Pflichtangaben:<\/p>\n<p>&nbsp;<\/p>\n<p>Rechtsanwaltskammer des Saarlandes<\/p>\n<p>Am Schlo\u00dfberg 5<\/p>\n<p>D-66119 Saarbr\u00fccken<\/p>\n<p>Telefon: +49(0)681\/588280<\/p>\n<p>Telefax: +49(0)681\/581047<\/p>\n<p>Web: www.rak-saar.de<\/p>\n<p>&nbsp;<\/p>\n<p>Die verwendeten Bilder stammen von pixabay.com oder wurde selbst erstellt.<\/p>\n","protected":false},"excerpt":{"rendered":"<p>Anbieter dieser Website bzw. Verwender der elektronischen Nachricht ist das: Institut f\u00fcr Europ\u00e4isches Medienrecht e.V. (EMR) Franz-Mai-Stra\u00dfe 6 66121 Saarbr\u00fccken Deutschland Tel.: +49 (0)681\/906 766 76 Fax: +49 (0)681\/968 638 90 E-Mail: emr@emr-sb.de &nbsp; Vertreten durch: Den Direktor und Vorsitzenden des Vorstandes des Institutes f\u00fcr Europ\u00e4isches Medienrecht e. V., Herrn RA Prof. Dr. Stephan Ory [&hellip;]<\/p>\n","protected":false},"author":1,"featured_media":0,"parent":0,"menu_order":26,"comment_status":"closed","ping_status":"closed","template":"","meta":{"_et_pb_use_builder":"","_et_pb_old_content":"","_et_gb_content_width":"","footnotes":""},"class_list":["post-256","page","type-page","status-publish","hentry"],"translation":{"provider":"WPGlobus","version":"3.0.2","language":"fr","enabled_languages":["de","fr","gb"],"languages":{"de":{"title":true,"content":true,"excerpt":false},"fr":{"title":false,"content":false,"excerpt":false},"gb":{"title":false,"content":false,"excerpt":false}}},"_links":{"self":[{"href":"https:\/\/emr-sb.de\/fr\/wp-json\/wp\/v2\/pages\/256","targetHints":{"allow":["GET"]}}],"collection":[{"href":"https:\/\/emr-sb.de\/fr\/wp-json\/wp\/v2\/pages"}],"about":[{"href":"https:\/\/emr-sb.de\/fr\/wp-json\/wp\/v2\/types\/page"}],"author":[{"embeddable":true,"href":"https:\/\/emr-sb.de\/fr\/wp-json\/wp\/v2\/users\/1"}],"replies":[{"embeddable":true,"href":"https:\/\/emr-sb.de\/fr\/wp-json\/wp\/v2\/comments?post=256"}],"version-history":[{"count":10,"href":"https:\/\/emr-sb.de\/fr\/wp-json\/wp\/v2\/pages\/256\/revisions"}],"predecessor-version":[{"id":5278,"href":"https:\/\/emr-sb.de\/fr\/wp-json\/wp\/v2\/pages\/256\/revisions\/5278"}],"wp:attachment":[{"href":"https:\/\/emr-sb.de\/fr\/wp-json\/wp\/v2\/media?parent=256"}],"curies":[{"name":"wp","href":"https:\/\/api.w.org\/{rel}","templated":true}]}}