{"id":279,"date":"2016-11-10T14:15:19","date_gmt":"2016-11-10T13:15:19","guid":{"rendered":"http:\/\/emr.eear.eu\/emr_wp\/?page_id=279"},"modified":"2017-09-07T10:29:20","modified_gmt":"2017-09-07T08:29:20","slug":"iris-reihe","status":"publish","type":"page","link":"https:\/\/emr-sb.de\/fr\/publikationen\/iris-reihe\/","title":{"rendered":"IRIS-Reihe"},"content":{"rendered":"<p>Die IRIS ist eigene Schriftenreihe der Europ\u00e4ischen Audiovisuellen Informationsstelle (EAI) in Stra\u00dfburg.\u00a0Weitere Informationen zur EAI sowie zur IRIS Schriftenreihe unter:<\/p>\n<p><a href=\"http:\/\/publi.obs.coe.int\/web\/obs-portal\/legal\/all-publications \" target=\"_blank\" rel=\"noopener\">http:\/\/publi.obs.coe.int\/web\/obs-portal\/legal\/all-publications <\/a><\/p>\n<p>Als Partner und Redaktionsmitglied ist das EMR an der Erstellung folgender Produkte beteiligt:<\/p>\n<h2>IRIS Newsletter \u2013 Rechtliche Rundschau des Europ\u00e4ischen Audiovisuellen Informationsstelle<\/h2>\n<p>Der monatlich erscheinende IRIS Newsletter widmet sich den wichtigsten juristischen Ereignissen f\u00fcr die audiovisuelle Industrie in 47 europ\u00e4ischen Staaten. Die Kurzbeitr\u00e4ge geben einen \u00dcberblick \u00fcber aktuellen Entwicklungen der nationalen und\u00a0 internationalen Gesetzgebung oder Rechtsanwendung beispielsweise f\u00fcr den Rundfunk, das Kino, Video-on-Demand Dienste oder IPTV. Auch rechtspolitische Themen wie die Medienkonzentration, Medienpluralismus, Selbst- bzw. Koregulierung etc. werden ber\u00fccksichtigt.\u00a0<\/p>\n<h2>IRIS Spezial \u2013 Umfassende Fakten gepaart mit detaillierten Analysen<\/h2>\n<p>In den regelm\u00e4\u00dfig, bis zu zweimal j\u00e4hrlich erscheinenden Ausgaben der Reihe IRIS Spezial geht es um aktuelle Fragen aus dem Medienrecht und verwandten Rechtsgebieten. Die zwischen 50 und 150 Seiten umfassenden Spezial B\u00e4nde befassen sich immer mit hochgradig relevanten Themen aus der aktuellen gesellschaftlichen und politischen Diskussion. Sie beschreiben den europ\u00e4ischen und internationalen rechtlichen Kontext, der Einfluss auf die jeweilige nationale Gesetzgebung hat, was dem Leser den Vergleich zwischen den jeweiligen Rechtsrahmen verschiedener L\u00e4nder erleichtert. Als besonderer Service f\u00fcr den Leser sind oft Hintergrundmaterialien wie zum Beispiel ma\u00dfgebende Gesetzestexte mitabgedruckt. Die Besonderheit der Serie IRIS Spezial ist, dass sie die juristischen Analysen in einer auch Nicht-Juristen sehr zug\u00e4nglichen Art und Weise vermittelt.<\/p>\n<p>Die anerkannte Publikationsreihe bietet nicht nur der audiovisuellen Industrie wertvolle Informationen, sondern sie dient auch den nationalen und europ\u00e4ischen Gesetzgebern als Quelle f\u00fcr h\u00f6chst relevanten Fakten, \u00dcberblicke etc.<\/p>\n<h2>IRIS Plus \u2013 Brandaktuelle Themen aus verschiedenen Blickwinkeln<\/h2>\n<p>Das jeweils behandelte Thema wird in der Perspektive der laufenden Reformen des Rechtsrahmens auf europ\u00e4ischer und nationaler Ebene aufbereitet. Die Untersuchung erfolgt stringent nach einem festgelegtem Aufbau und Kriterienkatalog.<\/p>\n<p>Die fr\u00fchere Version der IRIS Plus-Reihe (bis 2014) war eine bezahlte Publikation, die eine Kombination aus einem Leitbeitrag, einer Zusammenstellung von Einzelberichterstattungen sowie ein Zoom-Kapitel mit \u00dcbersichtstabellen, aktuellen Marktdaten oder anderen praktischen Informationen.<\/p>\n<p>Die neue Publikationsreihe (ab 2015) umfasst eine Auswahl an Themen, die ganz oben auf der europ\u00e4ischen Regulierungsagenda stehen. Sie bietet vergleichende und zuverl\u00e4ssige Informationen \u00fcber ein aktuelles Thema in der Perspektive der laufenden Reformen des Rechtsrahmens auf europ\u00e4ischer und nationaler Ebene.<\/p>\n","protected":false},"excerpt":{"rendered":"<p>Die IRIS ist eigene Schriftenreihe der Europ\u00e4ischen Audiovisuellen Informationsstelle (EAI) in Stra\u00dfburg.\u00a0Weitere Informationen zur EAI sowie zur IRIS Schriftenreihe unter: http:\/\/publi.obs.coe.int\/web\/obs-portal\/legal\/all-publications Als Partner und Redaktionsmitglied ist das EMR an der Erstellung folgender Produkte beteiligt: IRIS Newsletter \u2013 Rechtliche Rundschau des Europ\u00e4ischen Audiovisuellen Informationsstelle Der monatlich erscheinende IRIS Newsletter widmet sich den wichtigsten juristischen Ereignissen f\u00fcr [&hellip;]<\/p>\n","protected":false},"author":1,"featured_media":0,"parent":21,"menu_order":17,"comment_status":"closed","ping_status":"closed","template":"","meta":{"_et_pb_use_builder":"","_et_pb_old_content":"","_et_gb_content_width":"","footnotes":""},"class_list":["post-279","page","type-page","status-publish","hentry"],"translation":{"provider":"WPGlobus","version":"3.0.2","language":"fr","enabled_languages":["de","fr","gb"],"languages":{"de":{"title":true,"content":true,"excerpt":false},"fr":{"title":false,"content":false,"excerpt":false},"gb":{"title":false,"content":false,"excerpt":false}}},"_links":{"self":[{"href":"https:\/\/emr-sb.de\/fr\/wp-json\/wp\/v2\/pages\/279","targetHints":{"allow":["GET"]}}],"collection":[{"href":"https:\/\/emr-sb.de\/fr\/wp-json\/wp\/v2\/pages"}],"about":[{"href":"https:\/\/emr-sb.de\/fr\/wp-json\/wp\/v2\/types\/page"}],"author":[{"embeddable":true,"href":"https:\/\/emr-sb.de\/fr\/wp-json\/wp\/v2\/users\/1"}],"replies":[{"embeddable":true,"href":"https:\/\/emr-sb.de\/fr\/wp-json\/wp\/v2\/comments?post=279"}],"version-history":[{"count":20,"href":"https:\/\/emr-sb.de\/fr\/wp-json\/wp\/v2\/pages\/279\/revisions"}],"predecessor-version":[{"id":2388,"href":"https:\/\/emr-sb.de\/fr\/wp-json\/wp\/v2\/pages\/279\/revisions\/2388"}],"up":[{"embeddable":true,"href":"https:\/\/emr-sb.de\/fr\/wp-json\/wp\/v2\/pages\/21"}],"wp:attachment":[{"href":"https:\/\/emr-sb.de\/fr\/wp-json\/wp\/v2\/media?parent=279"}],"curies":[{"name":"wp","href":"https:\/\/api.w.org\/{rel}","templated":true}]}}