{"id":280,"date":"2016-11-10T14:15:30","date_gmt":"2016-11-10T13:15:30","guid":{"rendered":"http:\/\/emr.eear.eu\/emr_wp\/?page_id=280"},"modified":"2024-05-10T09:08:13","modified_gmt":"2024-05-10T07:08:13","slug":"mmr-news","status":"publish","type":"page","link":"https:\/\/emr-sb.de\/fr\/publikationen\/fachzeitschriften\/mmr-news\/","title":{"rendered":"MMR News"},"content":{"rendered":"<p><a href=\"http:\/\/www.beck-shop.de\/MMR-MultiMedia-Recht\/productview.aspx?product=1584&amp;pac=NC&amp;nsctrid=v01MTQyMTExMjExMTExMTExMTEwMTQyNDIwMDAwMDAwMDYxNTEwMjQ4OTE3Y2xlYTFkZTIwMTcxMTA5MTgzNTE3NzkxMTQ5Mjg4WDExMjcxMEMxMjAxOTAwMTMyVDExMjcxMA&amp;utm_source=lead-alliance&amp;utm_medium=affiliate-marketing&amp;utm_campaign=textlink&amp;campaign=Affiliate_Marketing%2fLead-alliance%2ftextlink\"><img loading=\"lazy\" decoding=\"async\" class=\"alignleft size-medium wp-image-2767\" src=\"https:\/\/emr-sb.de\/wp-content\/uploads\/2016\/11\/6377-218x300.jpg\" alt=\"\" width=\"218\" height=\"300\" srcset=\"https:\/\/emr-sb.de\/wp-content\/uploads\/2016\/11\/6377-218x300.jpg 218w, https:\/\/emr-sb.de\/wp-content\/uploads\/2016\/11\/6377.jpg 400w\" sizes=\"(max-width: 218px) 100vw, 218px\" \/><\/a>Der zweimal im Monat vom C.H.Beck Verlag ver\u00f6ffentlichte \u201e<a title=\"MMR\" href=\"http:\/\/www.beck-shop.de\/MMR-MultiMedia-Recht\/productview.aspx?product=1584\" target=\"_blank\" rel=\"noopener\"><strong>Newsdienst MMR-Aktuel<\/strong><\/a>l\u201c informiert seine Leser regelm\u00e4\u00dfig per E-Mail \u00fcber die Entwicklungen im Multimediarecht.<\/p>\n<p>Mittels Kurzbeitr\u00e4gen und Kommentaren \u00fcbermittelt der Newsdienst einen kompakten \u00dcberblick zu den aktuellen Ereignissen im Bereich der Gesetzgebung und Rechtsprechung und liefert Neuigkeiten von Instituten und Verb\u00e4nden sowie Gerichten, Beh\u00f6rden und den verschiedenen Gremien der EU. Die Meldungen im \u201eNewsdienst MMR-Aktuell\u201c sind thematisch in verschiedene Rubriken gegliedert. Das EMR ist regelm\u00e4\u00dfig mit einer &#8220;medienrechtlichen Monatsschau&#8221; bestehend aus kurzen Beitr\u00e4ge zu verschiedenen medienrechtlichen Themen vertreten. Die Berichte informieren \u00fcber neue medienpolitische Initiativen oder Rechtsakte und Gerichtsentscheidungen der Europ\u00e4ischen Union, des Europarates, aus den europ\u00e4ischen Staaten sowie den USA.<\/p>\n<p>Der thematische Schwerpunkt liegt im Bereich des Rundfunk- und Telekommunikationsrechts sowie des Rechts der neuen Medien. Die aktuelle Ausgabe des \u201eNewsdienstes MMR-Aktuell\u201c sowie die archivierten Best\u00e4nde k\u00f6nnen auf der Webseite des C.H.Beck Verlages in der <a title=\"MMR Aktuell\" href=\"https:\/\/beck-online.beck.de\/Modul\/1717\/Inhalt\" target=\"_blank\" rel=\"noopener\"><strong>Online Datenbank \u201ebeck-online\u201c<\/strong><\/a> kostenpflichtig abgerufen werden.<\/p>\n<p>&nbsp;<\/p>\n<p>Seit 2021 ist das EMR dar\u00fcber hinaus auch mit einer kleineren &#8220;datenschutzrechtlichen Monatsschau&#8221; im <a href=\"https:\/\/beck-online.beck.de\/Modul\/44913\/Inhalt\/597\">Newsdienst ZD-Aktuell<\/a> vertreten und berichtet darin \u00fcber ausgew\u00e4hlte aktuelle datenschutzrechtliche Entwicklungen aus Europa und dar\u00fcber hinaus.\u00a0<\/p>\n","protected":false},"excerpt":{"rendered":"<p>Der zweimal im Monat vom C.H.Beck Verlag ver\u00f6ffentlichte \u201eNewsdienst MMR-Aktuell\u201c informiert seine Leser regelm\u00e4\u00dfig per E-Mail \u00fcber die Entwicklungen im Multimediarecht. Mittels Kurzbeitr\u00e4gen und Kommentaren \u00fcbermittelt der Newsdienst einen kompakten \u00dcberblick zu den aktuellen Ereignissen im Bereich der Gesetzgebung und Rechtsprechung und liefert Neuigkeiten von Instituten und Verb\u00e4nden sowie Gerichten, Beh\u00f6rden und den verschiedenen Gremien [&hellip;]<\/p>\n","protected":false},"author":1,"featured_media":0,"parent":7088,"menu_order":2,"comment_status":"closed","ping_status":"closed","template":"","meta":{"_et_pb_use_builder":"","_et_pb_old_content":"","_et_gb_content_width":"","footnotes":""},"class_list":["post-280","page","type-page","status-publish","hentry"],"translation":{"provider":"WPGlobus","version":"3.0.2","language":"fr","enabled_languages":["de","fr","gb"],"languages":{"de":{"title":true,"content":true,"excerpt":false},"fr":{"title":false,"content":false,"excerpt":false},"gb":{"title":false,"content":false,"excerpt":false}}},"_links":{"self":[{"href":"https:\/\/emr-sb.de\/fr\/wp-json\/wp\/v2\/pages\/280","targetHints":{"allow":["GET"]}}],"collection":[{"href":"https:\/\/emr-sb.de\/fr\/wp-json\/wp\/v2\/pages"}],"about":[{"href":"https:\/\/emr-sb.de\/fr\/wp-json\/wp\/v2\/types\/page"}],"author":[{"embeddable":true,"href":"https:\/\/emr-sb.de\/fr\/wp-json\/wp\/v2\/users\/1"}],"replies":[{"embeddable":true,"href":"https:\/\/emr-sb.de\/fr\/wp-json\/wp\/v2\/comments?post=280"}],"version-history":[{"count":15,"href":"https:\/\/emr-sb.de\/fr\/wp-json\/wp\/v2\/pages\/280\/revisions"}],"predecessor-version":[{"id":7090,"href":"https:\/\/emr-sb.de\/fr\/wp-json\/wp\/v2\/pages\/280\/revisions\/7090"}],"up":[{"embeddable":true,"href":"https:\/\/emr-sb.de\/fr\/wp-json\/wp\/v2\/pages\/7088"}],"wp:attachment":[{"href":"https:\/\/emr-sb.de\/fr\/wp-json\/wp\/v2\/media?parent=280"}],"curies":[{"name":"wp","href":"https:\/\/api.w.org\/{rel}","templated":true}]}}