{"id":2815,"date":"2017-11-10T16:34:02","date_gmt":"2017-11-10T15:34:02","guid":{"rendered":"https:\/\/emr-sb.de\/?page_id=2815"},"modified":"2017-11-10T16:34:26","modified_gmt":"2017-11-10T15:34:26","slug":"ross-biggam","status":"publish","type":"page","link":"https:\/\/emr-sb.de\/fr\/das-emr\/vorstand\/ross-biggam\/","title":{"rendered":"Ross Biggam"},"content":{"rendered":"<p><img loading=\"lazy\" decoding=\"async\" class=\"alignleft size-medium wp-image-2816\" src=\"https:\/\/emr-sb.de\/wp-content\/uploads\/2017\/11\/Ross_Biggam-235x300.jpg\" alt=\"\" width=\"235\" height=\"300\" srcset=\"https:\/\/emr-sb.de\/wp-content\/uploads\/2017\/11\/Ross_Biggam-235x300.jpg 235w, https:\/\/emr-sb.de\/wp-content\/uploads\/2017\/11\/Ross_Biggam.jpg 469w\" sizes=\"(max-width: 235px) 100vw, 235px\" \/>Ross Biggam ist Vice-President Government Affairs EMEA bei Discovery Communications. Zuvor Legal Officer beim europ\u00e4ischen Ausschuss im House of Lords, London, und Head of European Affairs bei ITV, London. Danach f\u00fcnfzehn Jahre lang Director-General des europ\u00e4ischen Dachverbandes der privaten Sender (ACT).<\/p>\n<p>Studium an der University of Exeter und der Universit\u00e4t des Saarlandes (europ\u00e4isches Recht).<\/p>\n<p>Visiting Professor in Creative Industries, University of Glasgow. Associate Partner, MECETES Project (Universit\u00e4ten von Br\u00fcssel, Kopenhagen und York). Verschiedene Beitr\u00e4ge in wissenschaftlichen Publikationen.<\/p>\n","protected":false},"excerpt":{"rendered":"<p>Ross Biggam ist Vice-President Government Affairs EMEA bei Discovery Communications. Zuvor Legal Officer beim europ\u00e4ischen Ausschuss im House of Lords, London, und Head of European Affairs bei ITV, London. Danach f\u00fcnfzehn Jahre lang Director-General des europ\u00e4ischen Dachverbandes der privaten Sender (ACT). Studium an der University of Exeter und der Universit\u00e4t des Saarlandes (europ\u00e4isches Recht). Visiting [&hellip;]<\/p>\n","protected":false},"author":4,"featured_media":0,"parent":261,"menu_order":0,"comment_status":"closed","ping_status":"closed","template":"","meta":{"_et_pb_use_builder":"","_et_pb_old_content":"","_et_gb_content_width":"","footnotes":""},"class_list":["post-2815","page","type-page","status-publish","hentry"],"translation":{"provider":"WPGlobus","version":"3.0.2","language":"fr","enabled_languages":["de","fr","gb"],"languages":{"de":{"title":true,"content":true,"excerpt":false},"fr":{"title":false,"content":false,"excerpt":false},"gb":{"title":false,"content":false,"excerpt":false}}},"_links":{"self":[{"href":"https:\/\/emr-sb.de\/fr\/wp-json\/wp\/v2\/pages\/2815","targetHints":{"allow":["GET"]}}],"collection":[{"href":"https:\/\/emr-sb.de\/fr\/wp-json\/wp\/v2\/pages"}],"about":[{"href":"https:\/\/emr-sb.de\/fr\/wp-json\/wp\/v2\/types\/page"}],"author":[{"embeddable":true,"href":"https:\/\/emr-sb.de\/fr\/wp-json\/wp\/v2\/users\/4"}],"replies":[{"embeddable":true,"href":"https:\/\/emr-sb.de\/fr\/wp-json\/wp\/v2\/comments?post=2815"}],"version-history":[{"count":2,"href":"https:\/\/emr-sb.de\/fr\/wp-json\/wp\/v2\/pages\/2815\/revisions"}],"predecessor-version":[{"id":2818,"href":"https:\/\/emr-sb.de\/fr\/wp-json\/wp\/v2\/pages\/2815\/revisions\/2818"}],"up":[{"embeddable":true,"href":"https:\/\/emr-sb.de\/fr\/wp-json\/wp\/v2\/pages\/261"}],"wp:attachment":[{"href":"https:\/\/emr-sb.de\/fr\/wp-json\/wp\/v2\/media?parent=2815"}],"curies":[{"name":"wp","href":"https:\/\/api.w.org\/{rel}","templated":true}]}}