{"id":2821,"date":"2017-11-10T16:45:15","date_gmt":"2017-11-10T15:45:15","guid":{"rendered":"https:\/\/emr-sb.de\/?page_id=2821"},"modified":"2024-04-02T12:46:06","modified_gmt":"2024-04-02T10:46:06","slug":"dr-christopher-wolf-2","status":"publish","type":"page","link":"https:\/\/emr-sb.de\/fr\/das-emr\/vorstand\/dr-christopher-wolf-2\/","title":{"rendered":"Prof. h.c. Dr. Christopher Wolf"},"content":{"rendered":"<div id=\"attachment_5273\" style=\"width: 236px\" class=\"wp-caption alignleft\"><img loading=\"lazy\" decoding=\"async\" aria-describedby=\"caption-attachment-5273\" class=\"wp-image-5273 size-medium\" src=\"http:\/\/emr-sb.de\/wp-content\/uploads\/2020\/07\/Foto_Wolf-226x300.jpg\" alt=\"\" width=\"226\" height=\"300\" srcset=\"https:\/\/emr-sb.de\/wp-content\/uploads\/2020\/07\/Foto_Wolf-226x300.jpg 226w, https:\/\/emr-sb.de\/wp-content\/uploads\/2020\/07\/Foto_Wolf-768x1019.jpg 768w, https:\/\/emr-sb.de\/wp-content\/uploads\/2020\/07\/Foto_Wolf-772x1024.jpg 772w, https:\/\/emr-sb.de\/wp-content\/uploads\/2020\/07\/Foto_Wolf-1080x1432.jpg 1080w\" sizes=\"(max-width: 226px) 100vw, 226px\" \/><p id=\"caption-attachment-5273\" class=\"wp-caption-text\">Vorstandsmitglied Dr. Christopher Wolf<\/p><\/div>\n<p>Prof. Dr. Christopher Wolf ist Rektor der Fachhochschule f\u00fcr Verwaltung des Saarlandes.<\/p>\n<p>Zuvor sammelte er zwanzig Jahre Erfahrungen im Bereich Medienrecht. So war er von Herbst 2003 u.a. als Leiter des Referats Medienrecht der Staatskanzlei des Saarlandes und als stellvertretender Direktor der Medienanstalt Rheinland-Pfalz t\u00e4tig.<\/p>\n<p>Seine Expertise als Verwaltungsjurist hat er durch ein medienrechtliches Aufbaustudium an der Universit\u00e4t Mainz und ein verwaltungswissenschaftliches Aufbaustudium zum Magister der Verwaltungswissenschaften an der Deutschen Hochschule f\u00fcr Verwaltungswissenschaften in Speyer weiterentwickelt.<\/p>\n<p>Nach seiner rundfunkrechtlichen Promotion war er Lehrbeauftragter f\u00fcr \u00f6ffentliches Recht und Medienrecht an der Universit\u00e4t des Saarlandes. Parallel war er Lehrbeauftragter f\u00fcr Urheber-, Musik- und Veranstaltungsrecht am Fachbereich Musikwissenschaft der Universit\u00e4t des Saarlandes. Derzeit engagiert er sich v.a. als Lehrbeauftragter f\u00fcr Arbeits-, Sozial- und Ausl\u00e4nderrecht an der Katholischen Hochschule in Mainz.<\/p>\n<p>Zum Wintersemester 2023 verlieh ihm Katholischen Hochschule Mainz eine Honorarprofessur an der im Fachbereich Soziale Arbeit und Sozialwissenschaften.<\/p>\n<p>Seit Ende 2023 ist er Mitglied im Vorstand des EMR.<\/p>\n<p>&nbsp;<\/p>\n","protected":false},"excerpt":{"rendered":"<p>Prof. Dr. Christopher Wolf ist Rektor der Fachhochschule f\u00fcr Verwaltung des Saarlandes. Zuvor sammelte er zwanzig Jahre Erfahrungen im Bereich Medienrecht. So war er von Herbst 2003 u.a. als Leiter des Referats Medienrecht der Staatskanzlei des Saarlandes und als stellvertretender Direktor der Medienanstalt Rheinland-Pfalz t\u00e4tig. Seine Expertise als Verwaltungsjurist hat er durch ein medienrechtliches Aufbaustudium [&hellip;]<\/p>\n","protected":false},"author":4,"featured_media":0,"parent":261,"menu_order":0,"comment_status":"closed","ping_status":"closed","template":"","meta":{"_et_pb_use_builder":"","_et_pb_old_content":"","_et_gb_content_width":"","footnotes":""},"class_list":["post-2821","page","type-page","status-publish","hentry"],"translation":{"provider":"WPGlobus","version":"3.0.2","language":"fr","enabled_languages":["de","fr","gb"],"languages":{"de":{"title":true,"content":true,"excerpt":false},"fr":{"title":false,"content":false,"excerpt":false},"gb":{"title":false,"content":false,"excerpt":false}}},"_links":{"self":[{"href":"https:\/\/emr-sb.de\/fr\/wp-json\/wp\/v2\/pages\/2821","targetHints":{"allow":["GET"]}}],"collection":[{"href":"https:\/\/emr-sb.de\/fr\/wp-json\/wp\/v2\/pages"}],"about":[{"href":"https:\/\/emr-sb.de\/fr\/wp-json\/wp\/v2\/types\/page"}],"author":[{"embeddable":true,"href":"https:\/\/emr-sb.de\/fr\/wp-json\/wp\/v2\/users\/4"}],"replies":[{"embeddable":true,"href":"https:\/\/emr-sb.de\/fr\/wp-json\/wp\/v2\/comments?post=2821"}],"version-history":[{"count":10,"href":"https:\/\/emr-sb.de\/fr\/wp-json\/wp\/v2\/pages\/2821\/revisions"}],"predecessor-version":[{"id":7041,"href":"https:\/\/emr-sb.de\/fr\/wp-json\/wp\/v2\/pages\/2821\/revisions\/7041"}],"up":[{"embeddable":true,"href":"https:\/\/emr-sb.de\/fr\/wp-json\/wp\/v2\/pages\/261"}],"wp:attachment":[{"href":"https:\/\/emr-sb.de\/fr\/wp-json\/wp\/v2\/media?parent=2821"}],"curies":[{"name":"wp","href":"https:\/\/api.w.org\/{rel}","templated":true}]}}