{"id":5048,"date":"2020-01-02T11:58:38","date_gmt":"2020-01-02T10:58:38","guid":{"rendered":"https:\/\/emr-sb.de\/?page_id=5048"},"modified":"2020-01-02T11:58:38","modified_gmt":"2020-01-02T10:58:38","slug":"dr-daniel-knapp","status":"publish","type":"page","link":"https:\/\/emr-sb.de\/fr\/das-emr\/vorstand\/dr-daniel-knapp\/","title":{"rendered":"Dr. Daniel Knapp"},"content":{"rendered":"<div id=\"attachment_5049\" style=\"width: 210px\" class=\"wp-caption alignright\"><img loading=\"lazy\" decoding=\"async\" aria-describedby=\"caption-attachment-5049\" class=\"wp-image-5049 size-medium\" src=\"https:\/\/emr-sb.de\/wp-content\/uploads\/2020\/01\/Daniel_Knapp_Headshot_2019-200x300.jpg\" alt=\"\" width=\"200\" height=\"300\" srcset=\"https:\/\/emr-sb.de\/wp-content\/uploads\/2020\/01\/Daniel_Knapp_Headshot_2019-200x300.jpg 200w, https:\/\/emr-sb.de\/wp-content\/uploads\/2020\/01\/Daniel_Knapp_Headshot_2019-768x1152.jpg 768w, https:\/\/emr-sb.de\/wp-content\/uploads\/2020\/01\/Daniel_Knapp_Headshot_2019-683x1024.jpg 683w, https:\/\/emr-sb.de\/wp-content\/uploads\/2020\/01\/Daniel_Knapp_Headshot_2019-1080x1620.jpg 1080w, https:\/\/emr-sb.de\/wp-content\/uploads\/2020\/01\/Daniel_Knapp_Headshot_2019.jpg 1200w\" sizes=\"(max-width: 200px) 100vw, 200px\" \/><p id=\"caption-attachment-5049\" class=\"wp-caption-text\">Vorstandsmitglied Dr. Daniel Knapp<\/p><\/div>\n<p>Dr. Daniel Knapp ist Werbe- und Medienanalyst mit mehr als 15 Jahren internationaler Erfahrung. Er war in leitenden Funktionen in den Bereichen Marktanalyse, Strategieberatung und Business Intelligence t\u00e4tig. Seine Forschungsschwerpunkte umfassen alle Bereiche der digitalen Werbung, TV und Video, Plattform\u00f6konomie, Datenstrategien und die gesch\u00e4ftliche Anwendung von AI\/ML-Technologien.<\/p>\n<p>Dr. Knapp ist Partner bei Ecuiti, einem fortschrittlichen Datenforschungsunternehmen, und Twins Digital, einem Marketing-Dienstleistungsunternehmen der n\u00e4chsten Generation. Dar\u00fcber hinaus ist er als Chef\u00f6konom f\u00fcr IAB Europe t\u00e4tig, wo er unabh\u00e4ngige Analysen und Trendprognosen f\u00fcr den digitalen Werbesektor erstellt. Zuvor war er Executive Director bei IHS Markit (NASDAQ: INFO), wo er die globale Werbe- und Medienforschung, Beratung und Prognoseabteilung des Unternehmens leitete. Seine Karriere in der Medienpolitik begann er in der Staatskanzlei des Landes Nordrhein-Westfalen.<\/p>\n<p>Dr. Knapp arbeitet regelm\u00e4\u00dfig mit der Europ\u00e4ischen Kommission zusammen, z.B. als assoziierter Experte f\u00fcr Medien und KI in einer Sondermission f\u00fcr VP Ansip und als regelm\u00e4\u00dfiger Gutachter und Evaluator f\u00fcr Regulierungsbeh\u00f6rden. Er war Gastdozent an der Vrije Universiteit Br\u00fcssel und der UCD Michael Smurfit Graduate Business School in Dublin.<\/p>\n<p>Er promovierte an der London School of Economics (LSE) \u00fcber die Soziologie von Algorithmen und die Datafikation von Medien.<\/p>\n<p>&nbsp;<\/p>\n","protected":false},"excerpt":{"rendered":"<p>Dr. Daniel Knapp ist Werbe- und Medienanalyst mit mehr als 15 Jahren internationaler Erfahrung. Er war in leitenden Funktionen in den Bereichen Marktanalyse, Strategieberatung und Business Intelligence t\u00e4tig. Seine Forschungsschwerpunkte umfassen alle Bereiche der digitalen Werbung, TV und Video, Plattform\u00f6konomie, Datenstrategien und die gesch\u00e4ftliche Anwendung von AI\/ML-Technologien. Dr. Knapp ist Partner bei Ecuiti, einem fortschrittlichen [&hellip;]<\/p>\n","protected":false},"author":1,"featured_media":0,"parent":261,"menu_order":0,"comment_status":"closed","ping_status":"closed","template":"","meta":{"_et_pb_use_builder":"","_et_pb_old_content":"","_et_gb_content_width":"","footnotes":""},"class_list":["post-5048","page","type-page","status-publish","hentry"],"translation":{"provider":"WPGlobus","version":"3.0.2","language":"fr","enabled_languages":["de","fr","gb"],"languages":{"de":{"title":true,"content":true,"excerpt":false},"fr":{"title":false,"content":false,"excerpt":false},"gb":{"title":false,"content":false,"excerpt":false}}},"_links":{"self":[{"href":"https:\/\/emr-sb.de\/fr\/wp-json\/wp\/v2\/pages\/5048","targetHints":{"allow":["GET"]}}],"collection":[{"href":"https:\/\/emr-sb.de\/fr\/wp-json\/wp\/v2\/pages"}],"about":[{"href":"https:\/\/emr-sb.de\/fr\/wp-json\/wp\/v2\/types\/page"}],"author":[{"embeddable":true,"href":"https:\/\/emr-sb.de\/fr\/wp-json\/wp\/v2\/users\/1"}],"replies":[{"embeddable":true,"href":"https:\/\/emr-sb.de\/fr\/wp-json\/wp\/v2\/comments?post=5048"}],"version-history":[{"count":2,"href":"https:\/\/emr-sb.de\/fr\/wp-json\/wp\/v2\/pages\/5048\/revisions"}],"predecessor-version":[{"id":7251,"href":"https:\/\/emr-sb.de\/fr\/wp-json\/wp\/v2\/pages\/5048\/revisions\/7251"}],"up":[{"embeddable":true,"href":"https:\/\/emr-sb.de\/fr\/wp-json\/wp\/v2\/pages\/261"}],"wp:attachment":[{"href":"https:\/\/emr-sb.de\/fr\/wp-json\/wp\/v2\/media?parent=5048"}],"curies":[{"name":"wp","href":"https:\/\/api.w.org\/{rel}","templated":true}]}}