{"id":611,"date":"2016-12-12T16:25:40","date_gmt":"2016-12-12T15:25:40","guid":{"rendered":"https:\/\/emr-sb.de\/?page_id=611"},"modified":"2024-12-06T09:14:30","modified_gmt":"2024-12-06T08:14:30","slug":"der-erste-stellvertretende-vorstandsvorsitzende-reinhold-kopp","status":"publish","type":"page","link":"https:\/\/emr-sb.de\/fr\/das-emr\/vorstand\/der-erste-stellvertretende-vorstandsvorsitzende-reinhold-kopp\/","title":{"rendered":"Reinhold Kopp &#8211; Erster stellvertretender Vorstandsvorsitzende"},"content":{"rendered":"<div id=\"attachment_612\" style=\"width: 187px\" class=\"wp-caption alignright\"><img loading=\"lazy\" decoding=\"async\" aria-describedby=\"caption-attachment-612\" class=\"wp-image-612\" src=\"https:\/\/emr-sb.de\/wp-content\/uploads\/2016\/12\/20161212_Vorstand_Bild_ReinholdKopp-200x300.jpg\" alt=\"Der erste stellvertretende Vorstandsvorsitzende\" width=\"177\" height=\"266\" srcset=\"https:\/\/emr-sb.de\/wp-content\/uploads\/2016\/12\/20161212_Vorstand_Bild_ReinholdKopp-200x300.jpg 200w, https:\/\/emr-sb.de\/wp-content\/uploads\/2016\/12\/20161212_Vorstand_Bild_ReinholdKopp.jpg 371w\" sizes=\"(max-width: 177px) 100vw, 177px\" \/><p id=\"caption-attachment-612\" class=\"wp-caption-text\">Der erste stellvertretende Vorstandsvorsitzende Reinhold Kopp<\/p><\/div>\n<p style=\"text-align: justify;\"><strong>Reinhol<\/strong><strong>d Kopp, Mitgr\u00fcnder des EMR,<br \/>\nwurde im Juli 2014 zum ersten stellvertretenden<br \/>\nVorstandsvorsitzenden des EMR gew\u00e4hlt<\/strong><\/p>\n<p>Er ist Rechtsanwalt und Fachanwalt f\u00fcr Arbeitsrecht, Partner bei HEUSSEN Rechtsanwaltsgesellschaft mbH, Standort Berlin.<\/p>\n<p>&nbsp;<\/p>\n<p>Zahlreiche Ver\u00f6ffentlichungen zum Medien-, Arbeitsrecht und Compliance.<\/p>\n<p>&nbsp;<\/p>\n<p style=\"text-align: justify;\">Zuvor war Kopp Chef der Staatskanzlei und Minister fu\u0308r Wirtschaft des Saarlandes<br \/>\nsowie Generalbevollm\u00e4chtigter der Volkswagen AG, Wolfsburg.<\/p>\n<p>Er ist Vorsitzender des Deutschlandbeirates der deutsch-britischen Handelskammer<br \/>\nund Justiziar des Berufsverbandes der Compliance Manager (BCM).<\/p>\n<p style=\"text-align: justify;\"><strong>\u00a0<\/strong><\/p>\n<p style=\"text-align: left;\">Kontakt:<strong><br \/>\n<\/strong><\/p>\n<p style=\"text-align: left;\">HEUSSEN Rechtsanwaltsgesellschaft mbH<\/p>\n<p style=\"text-align: left;\">Kurf\u00fcrstendamm 31<\/p>\n<p style=\"text-align: left;\">10719 Berlin \/ Germany<\/p>\n<p style=\"text-align: left;\">www.heussen-law.de<\/p>\n","protected":false},"excerpt":{"rendered":"<p>Reinhold Kopp, Mitgr\u00fcnder des EMR, wurde im Juli 2014 zum ersten stellvertretenden Vorstandsvorsitzenden des EMR gew\u00e4hlt Er ist Rechtsanwalt und Fachanwalt f\u00fcr Arbeitsrecht, Partner bei HEUSSEN Rechtsanwaltsgesellschaft mbH, Standort Berlin. &nbsp; Zahlreiche Ver\u00f6ffentlichungen zum Medien-, Arbeitsrecht und Compliance. &nbsp; Zuvor war Kopp Chef der Staatskanzlei und Minister fu\u0308r Wirtschaft des Saarlandes sowie Generalbevollm\u00e4chtigter der Volkswagen [&hellip;]<\/p>\n","protected":false},"author":1,"featured_media":0,"parent":261,"menu_order":4,"comment_status":"closed","ping_status":"closed","template":"","meta":{"_et_pb_use_builder":"","_et_pb_old_content":"","_et_gb_content_width":"","footnotes":""},"class_list":["post-611","page","type-page","status-publish","hentry"],"translation":{"provider":"WPGlobus","version":"3.0.2","language":"fr","enabled_languages":["de","fr","gb"],"languages":{"de":{"title":true,"content":true,"excerpt":false},"fr":{"title":false,"content":false,"excerpt":false},"gb":{"title":false,"content":false,"excerpt":false}}},"_links":{"self":[{"href":"https:\/\/emr-sb.de\/fr\/wp-json\/wp\/v2\/pages\/611","targetHints":{"allow":["GET"]}}],"collection":[{"href":"https:\/\/emr-sb.de\/fr\/wp-json\/wp\/v2\/pages"}],"about":[{"href":"https:\/\/emr-sb.de\/fr\/wp-json\/wp\/v2\/types\/page"}],"author":[{"embeddable":true,"href":"https:\/\/emr-sb.de\/fr\/wp-json\/wp\/v2\/users\/1"}],"replies":[{"embeddable":true,"href":"https:\/\/emr-sb.de\/fr\/wp-json\/wp\/v2\/comments?post=611"}],"version-history":[{"count":13,"href":"https:\/\/emr-sb.de\/fr\/wp-json\/wp\/v2\/pages\/611\/revisions"}],"predecessor-version":[{"id":2819,"href":"https:\/\/emr-sb.de\/fr\/wp-json\/wp\/v2\/pages\/611\/revisions\/2819"}],"up":[{"embeddable":true,"href":"https:\/\/emr-sb.de\/fr\/wp-json\/wp\/v2\/pages\/261"}],"wp:attachment":[{"href":"https:\/\/emr-sb.de\/fr\/wp-json\/wp\/v2\/media?parent=611"}],"curies":[{"name":"wp","href":"https:\/\/api.w.org\/{rel}","templated":true}]}}