{"id":635,"date":"2016-12-12T16:46:49","date_gmt":"2016-12-12T15:46:49","guid":{"rendered":"https:\/\/emr-sb.de\/?page_id=635"},"modified":"2024-05-21T09:30:58","modified_gmt":"2024-05-21T07:30:58","slug":"dr-joerg-ukrow","status":"publish","type":"page","link":"https:\/\/emr-sb.de\/fr\/das-emr\/vorstand\/dr-joerg-ukrow\/","title":{"rendered":"Dr. J\u00f6rg Ukrow"},"content":{"rendered":"<p><strong><img loading=\"lazy\" decoding=\"async\" class=\"alignright size-medium wp-image-2880\" src=\"https:\/\/emr-sb.de\/wp-content\/uploads\/2016\/12\/EMR_18101723-300x200.jpg\" alt=\"\" width=\"300\" height=\"200\" srcset=\"https:\/\/emr-sb.de\/wp-content\/uploads\/2016\/12\/EMR_18101723-300x200.jpg 300w, https:\/\/emr-sb.de\/wp-content\/uploads\/2016\/12\/EMR_18101723-768x513.jpg 768w, https:\/\/emr-sb.de\/wp-content\/uploads\/2016\/12\/EMR_18101723-1024x684.jpg 1024w, https:\/\/emr-sb.de\/wp-content\/uploads\/2016\/12\/EMR_18101723-1080x721.jpg 1080w\" sizes=\"(max-width: 300px) 100vw, 300px\" \/>Dr. J\u00f6rg Ukrow \u00fcbernahm am 01. November 2016 die Funktion als gesch\u00e4ftsf\u00fchrendes Vorstandsmitglied des EMR.<\/strong><\/p>\n<p>Bereits im Jahre 2011 wurde er zum zweiten stellvertretenden Vorstandsvorsitzenden des EMR gew\u00e4hlt.<\/p>\n<p><strong><em>\u00a0<\/em><\/strong><\/p>\n<p style=\"text-align: left;\">Dr. Ukrow war viele Jahre lang Rundfunkreferent in der Saarl\u00e4ndischen Staatskanzlei sowie Lehrbeauftragter am Europa-Institut, Sektion Rechtswissenschaft. Danach war er stellvertretender Direktor der Landesmedienanstalt Saarland.\u00a0<\/p>\n<p>Seit 1. M\u00e4rz 2024 ist er stv. Direktor der Medienanstalt Rheinland-Pfalz. Seit 14. Mai 2024 (Ko-) Gesch\u00e4ftsf\u00fchrer der LPR-Tr\u00e4gergesellschaft f\u00fcr jugendschutz.net gGmbH.<\/p>\n<p><strong>\u00a0<\/strong><\/p>\n<p>Kontakt:<strong><br \/>\n<\/strong><\/p>\n<p class=\"qrShPb pXs6bb PZPZlf q8U8x aTI8gc hNKfZe\" data-dtype=\"d3ifr\" data-local-attribute=\"d3bn\" data-attrid=\"title\" data-ved=\"2ahUKEwiGoJ-5nJ6GAxXT9bsIHQzgDhUQ3B0oAHoECE8QAQ\">Medienanstalt Rheinland-Pfalz<br \/>\nTurmstr. 10<br \/>\n67059 Ludwigshafen am Rhein<br \/>\nTel.: +49 621-5202290<\/p>\n","protected":false},"excerpt":{"rendered":"<p>Dr. J\u00f6rg Ukrow \u00fcbernahm am 01. November 2016 die Funktion als gesch\u00e4ftsf\u00fchrendes Vorstandsmitglied des EMR. Bereits im Jahre 2011 wurde er zum zweiten stellvertretenden Vorstandsvorsitzenden des EMR gew\u00e4hlt. \u00a0 Dr. Ukrow war viele Jahre lang Rundfunkreferent in der Saarl\u00e4ndischen Staatskanzlei sowie Lehrbeauftragter am Europa-Institut, Sektion Rechtswissenschaft. Danach war er stellvertretender Direktor der Landesmedienanstalt Saarland.\u00a0 Seit [&hellip;]<\/p>\n","protected":false},"author":1,"featured_media":0,"parent":261,"menu_order":7,"comment_status":"closed","ping_status":"closed","template":"","meta":{"_et_pb_use_builder":"","_et_pb_old_content":"","_et_gb_content_width":"","footnotes":""},"class_list":["post-635","page","type-page","status-publish","hentry"],"translation":{"provider":"WPGlobus","version":"3.0.2","language":"fr","enabled_languages":["de","fr","gb"],"languages":{"de":{"title":true,"content":true,"excerpt":false},"fr":{"title":false,"content":false,"excerpt":false},"gb":{"title":false,"content":false,"excerpt":false}}},"_links":{"self":[{"href":"https:\/\/emr-sb.de\/fr\/wp-json\/wp\/v2\/pages\/635","targetHints":{"allow":["GET"]}}],"collection":[{"href":"https:\/\/emr-sb.de\/fr\/wp-json\/wp\/v2\/pages"}],"about":[{"href":"https:\/\/emr-sb.de\/fr\/wp-json\/wp\/v2\/types\/page"}],"author":[{"embeddable":true,"href":"https:\/\/emr-sb.de\/fr\/wp-json\/wp\/v2\/users\/1"}],"replies":[{"embeddable":true,"href":"https:\/\/emr-sb.de\/fr\/wp-json\/wp\/v2\/comments?post=635"}],"version-history":[{"count":11,"href":"https:\/\/emr-sb.de\/fr\/wp-json\/wp\/v2\/pages\/635\/revisions"}],"predecessor-version":[{"id":7104,"href":"https:\/\/emr-sb.de\/fr\/wp-json\/wp\/v2\/pages\/635\/revisions\/7104"}],"up":[{"embeddable":true,"href":"https:\/\/emr-sb.de\/fr\/wp-json\/wp\/v2\/pages\/261"}],"wp:attachment":[{"href":"https:\/\/emr-sb.de\/fr\/wp-json\/wp\/v2\/media?parent=635"}],"curies":[{"name":"wp","href":"https:\/\/api.w.org\/{rel}","templated":true}]}}