{"id":7246,"date":"2025-02-12T15:31:11","date_gmt":"2025-02-12T14:31:11","guid":{"rendered":"https:\/\/emr-sb.de\/?page_id=7246"},"modified":"2026-01-05T14:44:42","modified_gmt":"2026-01-05T13:44:42","slug":"sonnia-wuest","status":"publish","type":"page","link":"https:\/\/emr-sb.de\/fr\/das-emr\/vorstand\/sonnia-wuest\/","title":{"rendered":"Sonnia W\u00fcst (kooptiert)"},"content":{"rendered":"<div id=\"attachment_7247\" style=\"width: 638px\" class=\"wp-caption aligncenter\"><a href=\"https:\/\/emr-sb.de\/wp-content\/uploads\/2025\/02\/Sonnia-Wuest_Copyright_SR-Pasquale-D_Angilillo100_v-sr__169__900.jpg\"><img loading=\"lazy\" decoding=\"async\" aria-describedby=\"caption-attachment-7247\" class=\" wp-image-7247\" src=\"https:\/\/emr-sb.de\/wp-content\/uploads\/2025\/02\/Sonnia-Wuest_Copyright_SR-Pasquale-D_Angilillo100_v-sr__169__900.jpg\" alt=\"\" width=\"628\" height=\"353\" srcset=\"https:\/\/emr-sb.de\/wp-content\/uploads\/2025\/02\/Sonnia-Wuest_Copyright_SR-Pasquale-D_Angilillo100_v-sr__169__900.jpg 900w, https:\/\/emr-sb.de\/wp-content\/uploads\/2025\/02\/Sonnia-Wuest_Copyright_SR-Pasquale-D_Angilillo100_v-sr__169__900-300x169.jpg 300w, https:\/\/emr-sb.de\/wp-content\/uploads\/2025\/02\/Sonnia-Wuest_Copyright_SR-Pasquale-D_Angilillo100_v-sr__169__900-768x432.jpg 768w\" sizes=\"(max-width: 628px) 100vw, 628px\" \/><\/a><p id=\"caption-attachment-7247\" class=\"wp-caption-text\">Foto: \u00a9 SR\/Pasquale D\u2018Angilillo<\/p><\/div>\n<p><span style=\"font-family: georgia, palatino, serif; color: #333333; font-size: 12pt;\">Sonnia W\u00fcst ist seit 2022 Justitiarin des Saarl\u00e4ndischen Rundfunks. Seit 2025 ist sie ko-optiertes Mitglied des Vorstandes des EMR.\u00a0<\/span><\/p>\n<p><span style=\"font-family: georgia, palatino, serif; font-size: 12pt;\"><span style=\"color: #333333;\">Die in Heilbronn geborene Volljuristin hat fr\u00fch \u2013 zun\u00e4chst an der Arbeitsstelle Medienrecht des Lehrstuhls f\u00fcr Staats- und Verwaltungsrecht der Universit\u00e4t des Saarlandes von Professor Dr. Wolfgang Knies und sp\u00e4ter als Wisse<\/span><span style=\"color: #333333;\">nschaftliche Mitarbeiterin am Institut f\u00fcr Europ\u00e4isches Medienrecht \u2013 eine Affinit\u00e4t zu den Medien und insbesondere zum \u00f6ffentlich-rechtlichen Rundfunk entwickelt und begann 2006 ihre T\u00e4tigkeit als Sachgebietsleiterin im Justitiariat des SR.<\/span><\/span><\/p>\n<p><span style=\"font-family: georgia, palatino, serif; color: #333333; font-size: 12pt;\">Nach einer knapp zweij\u00e4hrigen Besch\u00e4ftigung im Justitiariat des Rundfunk Berlin Brandenburg (rbb) f\u00fchrte sie 2012 ihr Weg zur\u00fcck zum SR. Sie \u00fcbernahm im Zentralbereich Recht- und Unternehmensentwicklung unter anderem die Leitung der Gremiengesch\u00e4ftsstelle. Danach war sie von 2017 bis 2021 Fachbereichsleiterin im Justitiariat und zudem Stellvertretende Justitiarin des Saarl\u00e4ndischen Rundfunks.<\/span><\/p>\n<p>&nbsp;<\/p>\n","protected":false},"excerpt":{"rendered":"<p>Sonnia W\u00fcst ist seit 2022 Justitiarin des Saarl\u00e4ndischen Rundfunks. Seit 2025 ist sie ko-optiertes Mitglied des Vorstandes des EMR.\u00a0 Die in Heilbronn geborene Volljuristin hat fr\u00fch \u2013 zun\u00e4chst an der Arbeitsstelle Medienrecht des Lehrstuhls f\u00fcr Staats- und Verwaltungsrecht der Universit\u00e4t des Saarlandes von Professor Dr. Wolfgang Knies und sp\u00e4ter als Wissenschaftliche Mitarbeiterin am Institut f\u00fcr [&hellip;]<\/p>\n","protected":false},"author":4,"featured_media":0,"parent":261,"menu_order":0,"comment_status":"closed","ping_status":"closed","template":"","meta":{"_et_pb_use_builder":"","_et_pb_old_content":"","_et_gb_content_width":"","footnotes":""},"class_list":["post-7246","page","type-page","status-publish","hentry"],"translation":{"provider":"WPGlobus","version":"3.0.2","language":"fr","enabled_languages":["de","fr","gb"],"languages":{"de":{"title":true,"content":true,"excerpt":false},"fr":{"title":false,"content":false,"excerpt":false},"gb":{"title":false,"content":false,"excerpt":false}}},"_links":{"self":[{"href":"https:\/\/emr-sb.de\/fr\/wp-json\/wp\/v2\/pages\/7246","targetHints":{"allow":["GET"]}}],"collection":[{"href":"https:\/\/emr-sb.de\/fr\/wp-json\/wp\/v2\/pages"}],"about":[{"href":"https:\/\/emr-sb.de\/fr\/wp-json\/wp\/v2\/types\/page"}],"author":[{"embeddable":true,"href":"https:\/\/emr-sb.de\/fr\/wp-json\/wp\/v2\/users\/4"}],"replies":[{"embeddable":true,"href":"https:\/\/emr-sb.de\/fr\/wp-json\/wp\/v2\/comments?post=7246"}],"version-history":[{"count":9,"href":"https:\/\/emr-sb.de\/fr\/wp-json\/wp\/v2\/pages\/7246\/revisions"}],"predecessor-version":[{"id":7948,"href":"https:\/\/emr-sb.de\/fr\/wp-json\/wp\/v2\/pages\/7246\/revisions\/7948"}],"up":[{"embeddable":true,"href":"https:\/\/emr-sb.de\/fr\/wp-json\/wp\/v2\/pages\/261"}],"wp:attachment":[{"href":"https:\/\/emr-sb.de\/fr\/wp-json\/wp\/v2\/media?parent=7246"}],"curies":[{"name":"wp","href":"https:\/\/api.w.org\/{rel}","templated":true}]}}