{"id":969,"date":"2016-12-16T13:22:55","date_gmt":"2016-12-16T12:22:55","guid":{"rendered":"https:\/\/emr-sb.de\/?page_id=969"},"modified":"2024-01-23T15:13:03","modified_gmt":"2024-01-23T14:13:03","slug":"der-wissenschaftliche-direktor-professor-dr-mark-d-cole","status":"publish","type":"page","link":"https:\/\/emr-sb.de\/fr\/das-emr\/direktorium\/der-wissenschaftliche-direktor-professor-dr-mark-d-cole\/","title":{"rendered":"Der Wissenschaftliche Direktor: Professor Dr. Mark D. Cole"},"content":{"rendered":"<p style=\"text-align: left;\"><strong><a href=\"https:\/\/emr-sb.de\/wp-content\/uploads\/2020\/01\/Mark_D_Cole.jpg\"><img loading=\"lazy\" decoding=\"async\" class=\"alignright wp-image-5062 \" src=\"https:\/\/emr-sb.de\/wp-content\/uploads\/2020\/01\/Mark_D_Cole.jpg\" alt=\"\" width=\"208\" height=\"294\" srcset=\"https:\/\/emr-sb.de\/wp-content\/uploads\/2020\/01\/Mark_D_Cole.jpg 1716w, https:\/\/emr-sb.de\/wp-content\/uploads\/2020\/01\/Mark_D_Cole-212x300.jpg 212w, https:\/\/emr-sb.de\/wp-content\/uploads\/2020\/01\/Mark_D_Cole-768x1085.jpg 768w, https:\/\/emr-sb.de\/wp-content\/uploads\/2020\/01\/Mark_D_Cole-725x1024.jpg 725w, https:\/\/emr-sb.de\/wp-content\/uploads\/2020\/01\/Mark_D_Cole-1080x1526.jpg 1080w\" sizes=\"(max-width: 208px) 100vw, 208px\" \/><\/a>Prof. Dr. Mark D. Cole ist seit Juli 2014 der Wissenschaftliche Direktor des Instituts. In dieser Funktion ist er zugleich der Vorsitzende des EMR-Forschungsbeirats.<\/strong><\/p>\n<p style=\"text-align: left;\">Mark D. Cole ist Professor f\u00fcr Medien- und Telekommunikationsrecht an der Universit\u00e4t Luxemburg seit 2007.<\/p>\n<p style=\"text-align: left;\">Er hat an der Johannes Gutenberg-Universit\u00e4t Mainz 2003 mit einem v\u00f6lkerrechtlichen Thema promoviert und war am Lehrstuhl f\u00fcr \u00d6ffentliches Recht, V\u00f6lker- und Europarecht, Medienrecht sowie dem Mainzer Medieninstitut als wissenschaftlicher Mitarbeiter von 1999 bis 2006 t\u00e4tig.<\/p>\n<p style=\"text-align: left;\">Sein Schwerpunkt ist das europ\u00e4ische und vergleichende Medienrecht in der gesamten Bandbreite vom Rechtsrahmen f\u00fcr traditionelle Medien \u00fcber Regulierungsfragen f\u00fcr das Internet bis hin zu Datenschutz- und Urheberrecht.<\/p>\n<p style=\"text-align: left;\">\u00a0Seine Erfahrung hat er bei der Kommission (GD Wettbewerb), einer \u00f6ffentlich-rechtlichen Rundfunkanstalt und einer Urheber- und Medienrechtskanzlei gewonnen.<\/p>\n<p style=\"text-align: justify;\">\u00a0<\/p>\n<p>Nachher war er an der Universit\u00e4t Mainz, dem Mainzer Medieninstitut sowie der TU Braunschweig t\u00e4tig; aktuell ist er Lehrbeauftragter in Mainz und Saarbr\u00fccken.<\/p>\n<p style=\"text-align: justify;\">An der Universit\u00e4t Luxemburg ist er ferner u.a. Studiendirektor f\u00fcr den \u201eMaster in European Law LL.M.\u201c und Mitglied im \u201eInterdisciplinary Centre Security, Reliability and Trust (SnT)\u201c.<\/p>\n","protected":false},"excerpt":{"rendered":"<p>Prof. Dr. Mark D. Cole ist seit Juli 2014 der Wissenschaftliche Direktor des Instituts. In dieser Funktion ist er zugleich der Vorsitzende des EMR-Forschungsbeirats. Mark D. Cole ist Professor f\u00fcr Medien- und Telekommunikationsrecht an der Universit\u00e4t Luxemburg seit 2007. Er hat an der Johannes Gutenberg-Universit\u00e4t Mainz 2003 mit einem v\u00f6lkerrechtlichen Thema promoviert und war am [&hellip;]<\/p>\n","protected":false},"author":1,"featured_media":0,"parent":259,"menu_order":10,"comment_status":"closed","ping_status":"closed","template":"","meta":{"_et_pb_use_builder":"","_et_pb_old_content":"","_et_gb_content_width":"","footnotes":""},"class_list":["post-969","page","type-page","status-publish","hentry"],"translation":{"provider":"WPGlobus","version":"3.0.2","language":"fr","enabled_languages":["de","fr","gb"],"languages":{"de":{"title":true,"content":true,"excerpt":false},"fr":{"title":false,"content":false,"excerpt":false},"gb":{"title":false,"content":false,"excerpt":false}}},"_links":{"self":[{"href":"https:\/\/emr-sb.de\/fr\/wp-json\/wp\/v2\/pages\/969","targetHints":{"allow":["GET"]}}],"collection":[{"href":"https:\/\/emr-sb.de\/fr\/wp-json\/wp\/v2\/pages"}],"about":[{"href":"https:\/\/emr-sb.de\/fr\/wp-json\/wp\/v2\/types\/page"}],"author":[{"embeddable":true,"href":"https:\/\/emr-sb.de\/fr\/wp-json\/wp\/v2\/users\/1"}],"replies":[{"embeddable":true,"href":"https:\/\/emr-sb.de\/fr\/wp-json\/wp\/v2\/comments?post=969"}],"version-history":[{"count":17,"href":"https:\/\/emr-sb.de\/fr\/wp-json\/wp\/v2\/pages\/969\/revisions"}],"predecessor-version":[{"id":6929,"href":"https:\/\/emr-sb.de\/fr\/wp-json\/wp\/v2\/pages\/969\/revisions\/6929"}],"up":[{"embeddable":true,"href":"https:\/\/emr-sb.de\/fr\/wp-json\/wp\/v2\/pages\/259"}],"wp:attachment":[{"href":"https:\/\/emr-sb.de\/fr\/wp-json\/wp\/v2\/media?parent=969"}],"curies":[{"name":"wp","href":"https:\/\/api.w.org\/{rel}","templated":true}]}}