{"id":17,"date":"2016-10-13T19:57:16","date_gmt":"2016-10-13T17:57:16","guid":{"rendered":"http:\/\/emr.eear.eu\/emr_wp\/?page_id=17"},"modified":"2023-09-06T11:55:15","modified_gmt":"2023-09-06T09:55:15","slug":"themen","status":"publish","type":"page","link":"https:\/\/emr-sb.de\/gb\/themen\/","title":{"rendered":"Themen"},"content":{"rendered":"<p>Das EMR besch\u00e4ftigt sich unter anderem schwerpunktm\u00e4\u00dfig mit den folgenden Themen:<\/p>\n<ul>\n<li><a href=\"https:\/\/emr-sb.de\/themen\/audiovisuelle-mediendienste\/\">Audiovisuelle Mediendienste<\/a>,<\/li>\n<li><a href=\"https:\/\/emr-sb.de\/themen\/datenschutz-und-datensicherheitsrecht\/\">Datenschutz- und Datensicherheitsrecht<\/a>,<\/li>\n<li><a href=\"https:\/\/emr-sb.de\/themen\/dma-dsa\/\">Digital Services Act und Digital Markets Act<\/a>,<\/li>\n<li><a href=\"https:\/\/emr-sb.de\/european-media-freedom-act\/\">European Media Freedom Act<\/a>,<\/li>\n<li><a href=\"https:\/\/emr-sb.de\/themen\/jugendmedienschutz\/\">Jugendmedienschutz<\/a>,<\/li>\n<li><a href=\"https:\/\/emr-sb.de\/themen\/kultur-und-filmfoerderung\/\">Kultur- und Filmf\u00f6rderung<\/a>,<\/li>\n<li><a href=\"https:\/\/emr-sb.de\/themen\/netzneutralitaet\/\">Netzneutralit\u00e4t<\/a>,<\/li>\n<li><a href=\"https:\/\/emr-sb.de\/themen\/presserecht\/\">Presserecht<\/a>,<\/li>\n<li><a href=\"https:\/\/emr-sb.de\/themen\/kommerziellen-kommunikation\/\">Recht der kommerziellen Kommunikation<\/a>,<\/li>\n<li><a href=\"https:\/\/emr-sb.de\/themen\/rundfunkrecht\/\">Rundfunkrecht<\/a>,<\/li>\n<li><a href=\"https:\/\/emr-sb.de\/themen\/telekommunikationsrecht\/\">Telekommunikationsrecht<\/a>,<\/li>\n<li><a href=\"https:\/\/emr-sb.de\/themen\/telemedienrecht\/\">Telemedienrecht<\/a>,<\/li>\n<li><a href=\"https:\/\/emr-sb.de\/themen\/urheberrecht\/\">Urheberrecht<\/a>,<\/li>\n<li><a href=\"https:\/\/emr-sb.de\/themen\/verbraucherschutzrecht\/\">Verbraucherschutzrecht<\/a>,<\/li>\n<li><a href=\"https:\/\/emr-sb.de\/themen\/wettbewerbs-und-kartellrecht\/\">Wettbewerbs- und Kartellrecht<\/a>.<\/li>\n<\/ul>\n<p>In den Rubriken finden Sie nach einer \u00fcberblickhaften Einf\u00fchrung in die Thematik eine Vielzahl an themenspezifischen aktuellen Beitr\u00e4gen, relevanten Entscheidungen nationaler, europ\u00e4ischer und internationaler Gerichte und aktuelle Veranstaltungshinweise.<\/p>\n<p>[widget id=&#8221;categories-2&#8243; title=&#8221; &#8220;]<\/p>\n","protected":false},"excerpt":{"rendered":"<p>Das EMR besch\u00e4ftigt sich unter anderem schwerpunktm\u00e4\u00dfig mit den folgenden Themen: Audiovisuelle Mediendienste, Datenschutz- und Datensicherheitsrecht, Digital Services Act und Digital Markets Act, European Media Freedom Act, Jugendmedienschutz, Kultur- und Filmf\u00f6rderung, Netzneutralit\u00e4t, Presserecht, Recht der kommerziellen Kommunikation, Rundfunkrecht, Telekommunikationsrecht, Telemedienrecht, Urheberrecht, Verbraucherschutzrecht, Wettbewerbs- und Kartellrecht. In den Rubriken finden Sie nach einer \u00fcberblickhaften Einf\u00fchrung in [&hellip;]<\/p>\n","protected":false},"author":1,"featured_media":0,"parent":0,"menu_order":13,"comment_status":"closed","ping_status":"closed","template":"","meta":{"_et_pb_use_builder":"","_et_pb_old_content":"","_et_gb_content_width":"","footnotes":""},"class_list":["post-17","page","type-page","status-publish","hentry"],"translation":{"provider":"WPGlobus","version":"3.0.2","language":"gb","enabled_languages":["de","fr","gb"],"languages":{"de":{"title":true,"content":true,"excerpt":false},"fr":{"title":false,"content":false,"excerpt":false},"gb":{"title":false,"content":false,"excerpt":false}}},"_links":{"self":[{"href":"https:\/\/emr-sb.de\/gb\/wp-json\/wp\/v2\/pages\/17","targetHints":{"allow":["GET"]}}],"collection":[{"href":"https:\/\/emr-sb.de\/gb\/wp-json\/wp\/v2\/pages"}],"about":[{"href":"https:\/\/emr-sb.de\/gb\/wp-json\/wp\/v2\/types\/page"}],"author":[{"embeddable":true,"href":"https:\/\/emr-sb.de\/gb\/wp-json\/wp\/v2\/users\/1"}],"replies":[{"embeddable":true,"href":"https:\/\/emr-sb.de\/gb\/wp-json\/wp\/v2\/comments?post=17"}],"version-history":[{"count":13,"href":"https:\/\/emr-sb.de\/gb\/wp-json\/wp\/v2\/pages\/17\/revisions"}],"predecessor-version":[{"id":6856,"href":"https:\/\/emr-sb.de\/gb\/wp-json\/wp\/v2\/pages\/17\/revisions\/6856"}],"wp:attachment":[{"href":"https:\/\/emr-sb.de\/gb\/wp-json\/wp\/v2\/media?parent=17"}],"curies":[{"name":"wp","href":"https:\/\/api.w.org\/{rel}","templated":true}]}}