{"id":2357,"date":"2017-09-06T17:13:06","date_gmt":"2017-09-06T15:13:06","guid":{"rendered":"https:\/\/emr-sb.de\/?page_id=2357"},"modified":"2022-09-29T14:54:56","modified_gmt":"2022-09-29T12:54:56","slug":"emr-gutachten","status":"publish","type":"page","link":"https:\/\/emr-sb.de\/gb\/publikationen\/emr-gutachten\/","title":{"rendered":"EMR Gutachten"},"content":{"rendered":"<p>Eine der Hauptaufgaben des EMR ist die Medienforschung im Bereich Medienrecht und Medienpolitik samt verwandter Rechtsgebiete wie dem Wettbewerbs-, Datenschutz- und Datensicherheitsrecht in Europa. Vom Forschungsgebiet umfasst ist beispielsweise das Presse- und Rundfunkrecht oder das Telekommunikations-, Urheber-, und Telemedienrecht. Der Schwerpunkt der einzelnen Forschungsinhalte liegt dabei sowohl im nationalen als auch im europ\u00e4ischen Bereich. Da die einzelnen Fach- und Rechtsbereiche durch die Konvergenz der Medien selten voneinander getrennt untersucht werden k\u00f6nnen, erfolgt die Erforschung stets interdisziplin\u00e4r.<\/p>\n<p>Das EMR beh\u00e4lt die best\u00e4ndige Weiterentwicklung der Medienwelt im Blick, um bei Bedarf qualifiziert Stellung zu sich daraus ergebenden, bislang noch unbekannten rechtlichen Problemf\u00e4llen zu nehmen. Zusammen mit seinen Partnern werden auch gemeinsame Forschungsprojekte realisiert.<\/p>\n<h2>Das EMR als Gutachter und Berater<\/h2>\n<p>Ein Schwerpunkt des EMR ist die Erstellung von Gutachten zu aktuellen nationalen und internationalen rechtlichen Fragestellungen aus dem bereichs\u00fcbergreifenden Mediensektor, die mit der Forschungst\u00e4tigkeit des EMR Hand in Hand geht. Bei den Auftraggebern handelt es sich sowohl um private als auch \u00f6ffentliche Stellen wie Unternehmen aus der Medienbranche, Medienunternehmen, Landesregierungen und viele mehr<\/p>\n<p>Die Erstellung der Gutachten erfolgt dabei \u00fcbernational. Auch aus dem benachbarten Ausland wurde das EMR mit der Anfertigung wissenschaftlicher Untersuchungen beauftragt, so zum Beispiel von der Europ\u00e4ischen Kommission oder dem Europ\u00e4ischen Parlament. H\u00e4ufig wird das EMR dabei mit der Analyse von fachspezifischen Rechtsfragen betraut. F\u00fcr Auftr\u00e4ge mit rechtsvergleichendem Charakter kann das EMR auf ein umfassendes Netzwerk mit rund 180 Korrespondenten in 40 europ\u00e4ischen Staaten zur\u00fcckgreifen.<\/p>\n<p>Wenn Sie an der Erstellung eines Gutachtens durch das EMR interessiert sind oder eine bestimmte Forschungst\u00e4tigkeit in Auftrag geben m\u00f6chten, kontaktieren Sie uns gerne<\/p>\n<p>Tel.\u00a0\u00a0\u00a0 +49 681 968 638 90\u00a0\u00a0<\/p>\n<p>Fax\u00a0\u00a0\u00a0\u00a0 +49 681 906 76676<\/p>\n<p>eMail: <a href=\"mailto:emr@emr-sb.de\">emr@emr-sb.de<\/a>\u00a0\u00a0\u00a0<\/p>\n<h2>Mehr zu unseren Gutachten&#8230;<\/h2>\n<p>[et_pb_section bb_built=&#8221;1&#8243; _builder_version=&#8221;3.0.64&#8243;][et_pb_row _builder_version=&#8221;3.0.64&#8243;][et_pb_column type=&#8221;4_4&#8243;][et_pb_text _builder_version=&#8221;3.0.64&#8243; background_layout=&#8221;light&#8221; text_orientation=&#8221;left&#8221; border_style=&#8221;solid&#8221;]<\/p>\n<p>[\/et_pb_text][et_pb_blog _builder_version=&#8221;3.0.64&#8243; show_thumbnail=&#8221;on&#8221; show_more=&#8221;on&#8221; show_author=&#8221;off&#8221; show_date=&#8221;on&#8221; show_categories=&#8221;on&#8221; show_comments=&#8221;off&#8221; show_pagination=&#8221;off&#8221; include_categories=&#8221;387&#8243; show_content=&#8221;off&#8221; offset_number=&#8221;0&#8243; use_overlay=&#8221;off&#8221; fullwidth=&#8221;on&#8221; use_dropshadow=&#8221;off&#8221; background_layout=&#8221;light&#8221; border_style=&#8221;solid&#8221; \/][\/et_pb_column][\/et_pb_row][\/et_pb_section]<\/p>\n<p>&nbsp;<\/p>\n","protected":false},"excerpt":{"rendered":"<p>Eine der Hauptaufgaben des EMR ist die Medienforschung im Bereich Medienrecht und Medienpolitik samt verwandter Rechtsgebiete wie dem Wettbewerbs-, Datenschutz- und Datensicherheitsrecht in Europa. Vom Forschungsgebiet umfasst ist beispielsweise das Presse- und Rundfunkrecht oder das Telekommunikations-, Urheber-, und Telemedienrecht. Der Schwerpunkt der einzelnen Forschungsinhalte liegt dabei sowohl im nationalen als auch im europ\u00e4ischen Bereich. Da [&hellip;]<\/p>\n","protected":false},"author":1,"featured_media":0,"parent":21,"menu_order":3,"comment_status":"closed","ping_status":"closed","template":"","meta":{"_et_pb_use_builder":"","_et_pb_old_content":"","_et_gb_content_width":"","footnotes":""},"class_list":["post-2357","page","type-page","status-publish","hentry"],"translation":{"provider":"WPGlobus","version":"3.0.2","language":"gb","enabled_languages":["de","fr","gb"],"languages":{"de":{"title":true,"content":true,"excerpt":false},"fr":{"title":false,"content":false,"excerpt":false},"gb":{"title":false,"content":false,"excerpt":false}}},"_links":{"self":[{"href":"https:\/\/emr-sb.de\/gb\/wp-json\/wp\/v2\/pages\/2357","targetHints":{"allow":["GET"]}}],"collection":[{"href":"https:\/\/emr-sb.de\/gb\/wp-json\/wp\/v2\/pages"}],"about":[{"href":"https:\/\/emr-sb.de\/gb\/wp-json\/wp\/v2\/types\/page"}],"author":[{"embeddable":true,"href":"https:\/\/emr-sb.de\/gb\/wp-json\/wp\/v2\/users\/1"}],"replies":[{"embeddable":true,"href":"https:\/\/emr-sb.de\/gb\/wp-json\/wp\/v2\/comments?post=2357"}],"version-history":[{"count":7,"href":"https:\/\/emr-sb.de\/gb\/wp-json\/wp\/v2\/pages\/2357\/revisions"}],"predecessor-version":[{"id":6530,"href":"https:\/\/emr-sb.de\/gb\/wp-json\/wp\/v2\/pages\/2357\/revisions\/6530"}],"up":[{"embeddable":true,"href":"https:\/\/emr-sb.de\/gb\/wp-json\/wp\/v2\/pages\/21"}],"wp:attachment":[{"href":"https:\/\/emr-sb.de\/gb\/wp-json\/wp\/v2\/media?parent=2357"}],"curies":[{"name":"wp","href":"https:\/\/api.w.org\/{rel}","templated":true}]}}