{"id":263,"date":"2016-11-10T14:10:58","date_gmt":"2016-11-10T13:10:58","guid":{"rendered":"http:\/\/emr.eear.eu\/emr_wp\/?page_id=263"},"modified":"2025-08-19T10:41:14","modified_gmt":"2025-08-19T08:41:14","slug":"mitarbeiter","status":"publish","type":"page","link":"https:\/\/emr-sb.de\/gb\/das-emr\/mitarbeiter\/","title":{"rendered":"Die Mitarbeiter"},"content":{"rendered":"<p>Das EMR ist unter anderem spezialisiert auf die Erstellung von Rechtsgutachten und wissenschaftlichen Ausarbeitungen f\u00fcr \u00f6ffentliche und private Auftraggeber.<\/p>\n<p>Die Mitarbeiter erstellen diese unter Mitwirkung des Forschungsbeirates und des Vorstandes nach ihren jeweils festgelegten Fachgebieten aus dem Themenpool des EMR, organisieren Veranstaltungen und nehmen allgemeine organisatorische Aufgaben am Institut wahr.<\/p>\n<p><strong>Ass. iur. Christina Meese (ehem. Etteldorf): <\/strong>Christina Meese ist seit 2017 am EMR besch\u00e4ftigt, seit 2022 in der Funktion als wissenschaftliche Referentin. Ihr Interessenschwerpunkt liegt zur Zeit auf dem Gebiet der audiovisuellen Mediendienste sowie dem europ\u00e4ischen und nationalen Datenschutzrecht. Neben der T\u00e4tigkeit am EMR beteiligt sie sich freiberuflich an der praxisorientierten Umsetzung der nationalen und europ\u00e4ischen Vorgaben zum Datenschutz- und Datensicherheitsrecht in Unternehmen vor allem aus dem medialen Sektor. Sie ist au\u00dferdem Lehrbeauftragte an der Universit\u00e4t des Saarlandes und unterrichtet das Modul Medienrecht und geistiges Eigentum f\u00fcr die Fachbereiche Wirtschaft und Recht sowie digitale Betriebswirtschaftslehre. Kontakt: c.meese@emr-sb.de<\/p>\n<p><strong>Dr. Sandra Schmitz-Berndt LL.M, LL.M.<\/strong>: Sandra Schmitz-Berndt ist seit 2025 als wissenschaftliche Mitarbeiterin am EMR besch\u00e4ftigt. Zuvor war sie Postdoktorandin am Interdisziplin\u00e4ren Zentrum f\u00fcr Sicherheit, Zuverl\u00e4ssigkeit und Vertrauen (SnT) der Universit\u00e4t Luxemburg, wo sie im Bereich Recht und Technologie mit Schwerpunkt Cybersicherheitsrecht forschte. Seit 2015 ist sie auch als Rechtsanw\u00e4ltin in Deutschland zugelassen. SLL.M. in International Business and Commercial Law der University of East Anglia, Norwich (UK) und einen LL.M. in Medien- und IP-Recht der Johannes Gutenberg-Universit\u00e4t Mainz. 2014 schloss sie am SnT ihre juristische Doktorarbeit \u00fcber die Online-Durchsetzung des Urheberrechts ab und verglich dabei ausgew\u00e4hlte Gesetzesinitiativen von EU-Mitgliedstaaten. Ihre Dissertation befasste sich auch mit den Schwierigkeiten, bestehende Gesetze an neue Technologien anzupassen, unter anderem im Lichte der technischen und rechtlichen Machbarkeit von Web-Blocking-Tools. Anschlie\u00dfend hatte sie eine Postdoktorandenstelle im Cybercrime-Recht und anschlie\u00dfend eine Stelle im Menschenrechtsrecht an der Fakult\u00e4t f\u00fcr Rechtswissenschaften, Wirtschaftswissenschaften und Finanzen (FDEF) der Universit\u00e4t Luxemburg inne.\u00a0 Kontakt: s.schmitz-berndt@emr-sb.de<\/p>\n<p><strong>Dipl. iur. Sebastian Ramelli, LL.M. (ehem. Zeitzmann): <\/strong>Sebastian Ramelli war von 2020 bis 2022 wissenschaftlicher Mitarbeiter am EMR und betreut seit 2023 als freier Mitarbeiter am EMR die Kooperation mit der Zeitschrift AfP. Als Diplomjurist mit Schwerpunkt im Europa- und Medienrecht war er zuvor u.a. Studienleiter an der Europ\u00e4ischen Akademie Otzenhausen und freiberuflicher \u00dcbersetzer f\u00fcr den Gerichtshof der Europ\u00e4ischen Union, wo er sich u.a. mit medienrechtlich relevanten Rechtssachen befasst hat. An der Universit\u00e4t des Saarlandes und der Universit\u00e4t Strasbourg unterrichtet Sebastian Zeitzmann u.a. in den Bereichen Europarecht, Europapolitik und Europ\u00e4ische Integration.<\/p>\n","protected":false},"excerpt":{"rendered":"<p>Das EMR ist unter anderem spezialisiert auf die Erstellung von Rechtsgutachten und wissenschaftlichen Ausarbeitungen f\u00fcr \u00f6ffentliche und private Auftraggeber. Die Mitarbeiter erstellen diese unter Mitwirkung des Forschungsbeirates und des Vorstandes nach ihren jeweils festgelegten Fachgebieten aus dem Themenpool des EMR, organisieren Veranstaltungen und nehmen allgemeine organisatorische Aufgaben am Institut wahr. Ass. iur. Christina Meese (ehem. [&hellip;]<\/p>\n","protected":false},"author":1,"featured_media":8,"parent":196,"menu_order":4,"comment_status":"closed","ping_status":"closed","template":"","meta":{"_et_pb_use_builder":"off","_et_pb_old_content":"<p>Das EMR ist unter anderem spezialisiert auf die Erstellung von Rechtsgutachten und wissenschaftlichen Ausarbeitungen f\u00fcr \u00f6ffentliche und private Auftraggeber.<\/p><p>Die Mitarbeiter erstellen diese unter Mitwirkung des Forschungsbeirates und des Vorstandes nach ihren jeweils festgelegten Fachgebieten aus dem Themenpool des EMR, organisieren Veranstaltungen und nehmen allgemeine organisatorische Aufgaben am Institut wahr.<\/p><p><strong>Dipl. jur. Bianca Borzucki<\/strong><\/p><p><strong>Dr. Dominic Broy: <\/strong>Juristischer Referent des Instituts f\u00fcr Europ\u00e4isches Medienrecht und Lehrbeauftragter der Universit\u00e4t f\u00fcr Verwaltungswissenschaften Speyer. Sein Arbeitsschwerpunkt liegt im Bereich des Datenschutzes und der digitalen Transformation. Neben der juristischen T\u00e4tigkeit ist er an mehreren IT-Projekten beteiligt.<\/p><p><strong>Ass. iur. Christina Etteldorf:\u00a0<\/strong>Christina Etteldorf ist wissenschaftliche Mitarbeiterin am Institut f\u00fcr Europ\u00e4isches Medienrecht. Ihr Interessenschwerpunkt liegt zur Zeit auf dem Gebiet der audiovisuellen Mediendienste. Neben der T\u00e4tigkeit am EMR beteiligt sie sich im Rahmen der <a title=\"DS2018\" href=\"https:\/\/ds2018.de\/\" target=\"_blank\" rel=\"noopener\">DS2018<\/a> an der praxisorientierten Umsetzung der nationalen und europ\u00e4ischen Vorgaben zum Datenschutz- und Datensicherheitsrecht in Unternehmen vor allem aus dem medialen Sektor.\u00a0<\/p><p><strong>Sebastian Klein<\/strong><\/p><p><strong>Ass. iur. Gianna Iacino, LL.M.: <\/strong>Gianna Iacino hat ihr Interessengebiet in urheber- und filmrechtlichen Fragen. Sie koordiniert vor allem die aktuelle Publikationst\u00e4tigkeit des EMR in den Newslettern von IRIS, MMR, ZD, EMR. Zudem ist sie die zust\u00e4ndige Ansprechpartnerin f\u00fcr die Audiovisuelle Informationsstelle) im Rahmen des allgemeinen Kooperationsvertrages.<\/p><p><strong>Nadia Peters:<\/strong> Nadia Peters\u00a0ist die Assistentin des Direktoriums und nimmt zudem die allgemeinen Sekretariatsaufgaben im EMR wahr. Sie unterst\u00fctzt ferner die Gremienarbeit sowie die Veranstaltungen des Instituts.<\/p>","_et_gb_content_width":"","footnotes":""},"class_list":["post-263","page","type-page","status-publish","has-post-thumbnail","hentry"],"translation":{"provider":"WPGlobus","version":"3.0.2","language":"gb","enabled_languages":["de","fr","gb"],"languages":{"de":{"title":true,"content":true,"excerpt":false},"fr":{"title":false,"content":false,"excerpt":false},"gb":{"title":false,"content":false,"excerpt":false}}},"_links":{"self":[{"href":"https:\/\/emr-sb.de\/gb\/wp-json\/wp\/v2\/pages\/263","targetHints":{"allow":["GET"]}}],"collection":[{"href":"https:\/\/emr-sb.de\/gb\/wp-json\/wp\/v2\/pages"}],"about":[{"href":"https:\/\/emr-sb.de\/gb\/wp-json\/wp\/v2\/types\/page"}],"author":[{"embeddable":true,"href":"https:\/\/emr-sb.de\/gb\/wp-json\/wp\/v2\/users\/1"}],"replies":[{"embeddable":true,"href":"https:\/\/emr-sb.de\/gb\/wp-json\/wp\/v2\/comments?post=263"}],"version-history":[{"count":37,"href":"https:\/\/emr-sb.de\/gb\/wp-json\/wp\/v2\/pages\/263\/revisions"}],"predecessor-version":[{"id":7896,"href":"https:\/\/emr-sb.de\/gb\/wp-json\/wp\/v2\/pages\/263\/revisions\/7896"}],"up":[{"embeddable":true,"href":"https:\/\/emr-sb.de\/gb\/wp-json\/wp\/v2\/pages\/196"}],"wp:featuredmedia":[{"embeddable":true,"href":"https:\/\/emr-sb.de\/gb\/wp-json\/wp\/v2\/media\/8"}],"wp:attachment":[{"href":"https:\/\/emr-sb.de\/gb\/wp-json\/wp\/v2\/media?parent=263"}],"curies":[{"name":"wp","href":"https:\/\/api.w.org\/{rel}","templated":true}]}}