{"id":264,"date":"2016-12-13T14:11:14","date_gmt":"2016-12-13T13:11:14","guid":{"rendered":"http:\/\/emr.eear.eu\/emr_wp\/?page_id=264"},"modified":"2026-01-21T09:33:57","modified_gmt":"2026-01-21T08:33:57","slug":"forschungsbeirat","status":"publish","type":"page","link":"https:\/\/emr-sb.de\/gb\/das-emr\/forschungsbeirat\/","title":{"rendered":"Forschungsbeirat"},"content":{"rendered":"<p>[et_pb_section][et_pb_row][et_pb_column type=&#8221;4_4&#8243;][et_pb_text]<\/p>\n<p>Das EMR erstellt unter anderem Rechtsgutachten, wissenschaftliche Untersuchungen und f\u00fchrt Forschungsvorhaben zur Entwicklung des europ\u00e4ischen Medienrechts durch. Zur Unterst\u00fctzung der Forschungst\u00e4tigkeit des Instituts sowie zur Vorbereitung, F\u00f6rderung und Durchf\u00fchrung von Tagungen, Seminaren und wissenschaftlichen Untersuchungen wird vom Vorstand ein Forschungsbeirat bestellt.<\/p>\n<p>Bei den Mitgliedern des Forschungsbeirats handelt es sich um anerkannte Experten, deren beruflicher Schwerpunkt im Bereich des Medienrechts wie verwandter Rechtsgebiete wie dem Datenschutz, Datensicherheit- und Wettbewerbsrechts liegt und die sich in diesen Bereichen besonders verdient gemacht haben.<\/p>\n<p>Der derzeitige Vorsitzende des Forschungsbeirats ist:<\/p>\n<ul>\n<li>Uwe Conradt, Oberb\u00fcrgermeister der Landeshauptstadt Saarbr\u00fccken\u00a0<\/li>\n<\/ul>\n<p>[\/et_pb_text][\/et_pb_column][\/et_pb_row][\/et_pb_section]<\/p>\n","protected":false},"excerpt":{"rendered":"<p><div class=\"et_pb_section et_pb_section_0 et_section_regular\" >\n\t\t\t\t\n\t\t\t\t\n\t\t\t\t\n\t\t\t\t\n\t\t\t\t\n\t\t\t\t\n\t\t\t\t\n\t\t\t\t\n\t\t\t\t\n\t\t\t<\/div><div class=\"et_pb_row et_pb_row_0 et_pb_row_empty\">\n\t\t\t\t\n\t\t\t\t\n\t\t\t\t\n\t\t\t\t\n\t\t\t\t\n\t\t\t<\/div><div class=\"et_pb_module et_pb_text et_pb_text_0  et_pb_text_align_left et_pb_bg_layout_light\">\n\t\t\t\t\n\t\t\t\t\n\t\t\t\t\n\t\t\t\t\n\t\t\t\t\n\t\t\t<\/div> Das EMR erstellt unter anderem Rechtsgutachten, wissenschaftliche Untersuchungen und f\u00fchrt Forschungsvorhaben zur Entwicklung des europ\u00e4ischen Medienrechts durch. Zur Unterst\u00fctzung der Forschungst\u00e4tigkeit des Instituts sowie zur Vorbereitung, F\u00f6rderung und Durchf\u00fchrung von Tagungen, Seminaren und wissenschaftlichen Untersuchungen wird vom Vorstand ein Forschungsbeirat bestellt. Bei den Mitgliedern des Forschungsbeirats handelt es sich um anerkannte Experten, deren beruflicher [&hellip;]<\/p>\n","protected":false},"author":1,"featured_media":0,"parent":196,"menu_order":6,"comment_status":"closed","ping_status":"closed","template":"","meta":{"_et_pb_use_builder":"on","_et_pb_old_content":"<p>Das EMR erstellt unter anderem Rechtsgutachten, wissenschaftliche Untersuchungen und f\u00fchrt Forschungsvorhaben zur Entwicklung des europ\u00e4ischen Medienrechts durch. Zur Unterst\u00fctzung der Forschungst\u00e4tigkeit des Instituts sowie zur Vorbereitung, F\u00f6rderung und Durchf\u00fchrung von Tagungen, Seminaren und wissenschaftlichen Untersuchungen wird vom Vorstand ein Forschungsbeirat bestellt.<\/p>\r\n<p>Bei den Mitgliedern des Forschungsbeirats handelt es sich um anerkannte Experten, deren beruflicher Schwerpunkt im Bereich des Medienrechts wie verwandter Rechtsgebiete wie dem Datenschutz, Datensicherheit- und Wettbewerbsrechts liegt und die sich in diesen Bereichen besonders verdient gemacht haben.<\/p>\r\n<p>Der derzeitige Vorsitzende des Forschungsbeirats ist:<\/p>\r\n<ul>\r\n<li>Uwe Conradt, Oberb\u00fcrgermeister der Landeshauptstadt Saarbr\u00fccken\u00a0<\/li>\r\n<\/ul>","_et_gb_content_width":"","footnotes":""},"class_list":["post-264","page","type-page","status-publish","hentry"],"translation":{"provider":"WPGlobus","version":"3.0.2","language":"gb","enabled_languages":["de","fr","gb"],"languages":{"de":{"title":true,"content":true,"excerpt":false},"fr":{"title":false,"content":false,"excerpt":false},"gb":{"title":false,"content":false,"excerpt":false}}},"_links":{"self":[{"href":"https:\/\/emr-sb.de\/gb\/wp-json\/wp\/v2\/pages\/264","targetHints":{"allow":["GET"]}}],"collection":[{"href":"https:\/\/emr-sb.de\/gb\/wp-json\/wp\/v2\/pages"}],"about":[{"href":"https:\/\/emr-sb.de\/gb\/wp-json\/wp\/v2\/types\/page"}],"author":[{"embeddable":true,"href":"https:\/\/emr-sb.de\/gb\/wp-json\/wp\/v2\/users\/1"}],"replies":[{"embeddable":true,"href":"https:\/\/emr-sb.de\/gb\/wp-json\/wp\/v2\/comments?post=264"}],"version-history":[{"count":31,"href":"https:\/\/emr-sb.de\/gb\/wp-json\/wp\/v2\/pages\/264\/revisions"}],"predecessor-version":[{"id":8011,"href":"https:\/\/emr-sb.de\/gb\/wp-json\/wp\/v2\/pages\/264\/revisions\/8011"}],"up":[{"embeddable":true,"href":"https:\/\/emr-sb.de\/gb\/wp-json\/wp\/v2\/pages\/196"}],"wp:attachment":[{"href":"https:\/\/emr-sb.de\/gb\/wp-json\/wp\/v2\/media?parent=264"}],"curies":[{"name":"wp","href":"https:\/\/api.w.org\/{rel}","templated":true}]}}