{"id":462,"date":"2016-12-12T09:56:49","date_gmt":"2016-12-12T08:56:49","guid":{"rendered":"https:\/\/emr-sb.de\/das-emr\/direktorium\/der-direktor-prof-dr-stephan-ory\/"},"modified":"2024-01-23T20:41:39","modified_gmt":"2024-01-23T19:41:39","slug":"der-direktor-prof-dr-stephan-ory","status":"publish","type":"page","link":"https:\/\/emr-sb.de\/gb\/das-emr\/direktorium\/der-direktor-prof-dr-stephan-ory\/","title":{"rendered":"Der Direktor: Prof. Dr. Stephan Ory"},"content":{"rendered":"<p><strong>Prof. Dr. Stephan Ory, Rechtsanwalt,<\/strong> <strong>\u00fcbernahm<a href=\"https:\/\/emr-sb.de\/wp-content\/uploads\/2016\/12\/EMR_18101720.jpg\"><img loading=\"lazy\" decoding=\"async\" class=\"alignright  wp-image-3149\" src=\"https:\/\/emr-sb.de\/wp-content\/uploads\/2016\/12\/EMR_18101720-300x200.jpg\" alt=\"\" width=\"408\" height=\"272\" srcset=\"https:\/\/emr-sb.de\/wp-content\/uploads\/2016\/12\/EMR_18101720-300x200.jpg 300w, https:\/\/emr-sb.de\/wp-content\/uploads\/2016\/12\/EMR_18101720-768x513.jpg 768w, https:\/\/emr-sb.de\/wp-content\/uploads\/2016\/12\/EMR_18101720-1024x684.jpg 1024w, https:\/\/emr-sb.de\/wp-content\/uploads\/2016\/12\/EMR_18101720-1080x721.jpg 1080w\" sizes=\"(max-width: 408px) 100vw, 408px\" \/><\/a><\/strong><br \/>\n<strong>im Juli 2014 die Funktion als\u00a0Direktor des EMR.<\/strong><\/p>\n<p>Prof. Dr. Stephan Ory ist seit 1988 zur Rechtsanwaltschaft zugelassen, zun\u00e4chst beim Landgericht in Bonn.<\/p>\n<p>1990 erfolgte die Zulassung beim Landgericht Saarbr\u00fccken.<\/p>\n<p>Ory ist Gr\u00fcndungsmitglied, Vorsitzender und Direktor des Instituts f\u00fcr Europ\u00e4isches Medienrecht (EMR).<\/p>\n<p>Die Mitgliederversammlung des EMR hatte ihn Ende 2011 zum Vorsitzenden des Vorstandes gew\u00e4hlt.<\/p>\n<p>Er ist Vorsitzender des\u00a0 EDV-Gerichtstages, Mitglied des Studienkreises f\u00fcr Presserecht und Pressefreiheit e.V. . und seit dem Jahr 2001 Lehrbeauftragter.<\/p>\n<p>Im Jahr 2009 wurde er von der Universit\u00e4t des Saarlandes zum Honorarprofessor f\u00fcr Rundfunkrecht und Urheberrecht bestellt.<\/p>\n","protected":false},"excerpt":{"rendered":"<p>Prof. Dr. Stephan Ory, Rechtsanwalt, \u00fcbernahm im Juli 2014 die Funktion als\u00a0Direktor des EMR. Prof. Dr. Stephan Ory ist seit 1988 zur Rechtsanwaltschaft zugelassen, zun\u00e4chst beim Landgericht in Bonn. 1990 erfolgte die Zulassung beim Landgericht Saarbr\u00fccken. Ory ist Gr\u00fcndungsmitglied, Vorsitzender und Direktor des Instituts f\u00fcr Europ\u00e4isches Medienrecht (EMR). Die Mitgliederversammlung des EMR hatte ihn Ende [&hellip;]<\/p>\n","protected":false},"author":1,"featured_media":0,"parent":259,"menu_order":9,"comment_status":"closed","ping_status":"closed","template":"","meta":{"_et_pb_use_builder":"","_et_pb_old_content":"","_et_gb_content_width":"","footnotes":""},"class_list":["post-462","page","type-page","status-publish","hentry"],"translation":{"provider":"WPGlobus","version":"3.0.2","language":"gb","enabled_languages":["de","fr","gb"],"languages":{"de":{"title":true,"content":true,"excerpt":false},"fr":{"title":false,"content":false,"excerpt":false},"gb":{"title":false,"content":false,"excerpt":false}}},"_links":{"self":[{"href":"https:\/\/emr-sb.de\/gb\/wp-json\/wp\/v2\/pages\/462","targetHints":{"allow":["GET"]}}],"collection":[{"href":"https:\/\/emr-sb.de\/gb\/wp-json\/wp\/v2\/pages"}],"about":[{"href":"https:\/\/emr-sb.de\/gb\/wp-json\/wp\/v2\/types\/page"}],"author":[{"embeddable":true,"href":"https:\/\/emr-sb.de\/gb\/wp-json\/wp\/v2\/users\/1"}],"replies":[{"embeddable":true,"href":"https:\/\/emr-sb.de\/gb\/wp-json\/wp\/v2\/comments?post=462"}],"version-history":[{"count":6,"href":"https:\/\/emr-sb.de\/gb\/wp-json\/wp\/v2\/pages\/462\/revisions"}],"predecessor-version":[{"id":6931,"href":"https:\/\/emr-sb.de\/gb\/wp-json\/wp\/v2\/pages\/462\/revisions\/6931"}],"up":[{"embeddable":true,"href":"https:\/\/emr-sb.de\/gb\/wp-json\/wp\/v2\/pages\/259"}],"wp:attachment":[{"href":"https:\/\/emr-sb.de\/gb\/wp-json\/wp\/v2\/media?parent=462"}],"curies":[{"name":"wp","href":"https:\/\/api.w.org\/{rel}","templated":true}]}}