{"id":5033,"date":"2019-12-23T12:10:28","date_gmt":"2019-12-23T11:10:28","guid":{"rendered":"https:\/\/emr-sb.de\/?page_id=5033"},"modified":"2024-08-14T15:17:51","modified_gmt":"2024-08-14T13:17:51","slug":"sabine-frank","status":"publish","type":"page","link":"https:\/\/emr-sb.de\/gb\/das-emr\/vorstand\/sabine-frank\/","title":{"rendered":"Sabine Frank"},"content":{"rendered":"<div id=\"attachment_5034\" style=\"width: 310px\" class=\"wp-caption alignleft\"><img loading=\"lazy\" decoding=\"async\" aria-describedby=\"caption-attachment-5034\" class=\"wp-image-5034 size-medium\" src=\"https:\/\/emr-sb.de\/wp-content\/uploads\/2019\/12\/SabineFrank-300x200.jpg\" alt=\"\" width=\"300\" height=\"200\" srcset=\"https:\/\/emr-sb.de\/wp-content\/uploads\/2019\/12\/SabineFrank-300x200.jpg 300w, https:\/\/emr-sb.de\/wp-content\/uploads\/2019\/12\/SabineFrank-768x512.jpg 768w, https:\/\/emr-sb.de\/wp-content\/uploads\/2019\/12\/SabineFrank.jpg 1000w\" sizes=\"(max-width: 300px) 100vw, 300px\" \/><p id=\"caption-attachment-5034\" class=\"wp-caption-text\">Vorstandsmitglied Sabine Frank<\/p><\/div>\n<p style=\"margin: 0cm; margin-bottom: .0001pt;\"><span style=\"font-family: 'Arial',sans-serif; color: black;\">Sabine Frank ist Volljuristin und ist seit 2024 Head of Governmental Affairs and Public Policy Google DACH. <\/span><\/p>\n<p style=\"margin: 0cm; margin-bottom: .0001pt;\"><span style=\"font-family: 'Arial',sans-serif; color: black;\">Zuvor war sie seit M\u00e4rz 2020 Head of Government Affairs and Public Policy f\u00fcr YouTube in Deutschland, \u00d6sterreich, der Schweiz und den osteurop\u00e4ischen L\u00e4ndern. Sabine Frank kam 2012 zu Google und leitete zuvor den Bereich Regulierung, Verbraucher- und Jugendschutz bei Google Deutschland. Davor war sie mehr als 10 Jahre hauptamtliche Gesch\u00e4ftsf\u00fchrerin des Vereins \u201eFreiwillige Selbstkontrolle Multimedia Diensteanbieter e.V.\u201c (FSM). Im Rahmen ihrer T\u00e4tigkeit bekleidet Sabine Frank derzeit eine Reihe von Ehren\u00e4mtern, so ist sie unter anderem Beiratsmitglied von klicksafe, stellvertretende Vorstandsvorsitzende der FSM.<\/span><\/p>\n","protected":false},"excerpt":{"rendered":"<p>Sabine Frank ist Volljuristin und ist seit 2024 Head of Governmental Affairs and Public Policy Google DACH. Zuvor war sie seit M\u00e4rz 2020 Head of Government Affairs and Public Policy f\u00fcr YouTube in Deutschland, \u00d6sterreich, der Schweiz und den osteurop\u00e4ischen L\u00e4ndern. Sabine Frank kam 2012 zu Google und leitete zuvor den Bereich Regulierung, Verbraucher- und [&hellip;]<\/p>\n","protected":false},"author":1,"featured_media":0,"parent":261,"menu_order":0,"comment_status":"closed","ping_status":"closed","template":"","meta":{"_et_pb_use_builder":"","_et_pb_old_content":"","_et_gb_content_width":"","footnotes":""},"class_list":["post-5033","page","type-page","status-publish","hentry"],"translation":{"provider":"WPGlobus","version":"3.0.2","language":"gb","enabled_languages":["de","fr","gb"],"languages":{"de":{"title":true,"content":true,"excerpt":false},"fr":{"title":false,"content":false,"excerpt":false},"gb":{"title":false,"content":false,"excerpt":false}}},"_links":{"self":[{"href":"https:\/\/emr-sb.de\/gb\/wp-json\/wp\/v2\/pages\/5033","targetHints":{"allow":["GET"]}}],"collection":[{"href":"https:\/\/emr-sb.de\/gb\/wp-json\/wp\/v2\/pages"}],"about":[{"href":"https:\/\/emr-sb.de\/gb\/wp-json\/wp\/v2\/types\/page"}],"author":[{"embeddable":true,"href":"https:\/\/emr-sb.de\/gb\/wp-json\/wp\/v2\/users\/1"}],"replies":[{"embeddable":true,"href":"https:\/\/emr-sb.de\/gb\/wp-json\/wp\/v2\/comments?post=5033"}],"version-history":[{"count":6,"href":"https:\/\/emr-sb.de\/gb\/wp-json\/wp\/v2\/pages\/5033\/revisions"}],"predecessor-version":[{"id":7178,"href":"https:\/\/emr-sb.de\/gb\/wp-json\/wp\/v2\/pages\/5033\/revisions\/7178"}],"up":[{"embeddable":true,"href":"https:\/\/emr-sb.de\/gb\/wp-json\/wp\/v2\/pages\/261"}],"wp:attachment":[{"href":"https:\/\/emr-sb.de\/gb\/wp-json\/wp\/v2\/media?parent=5033"}],"curies":[{"name":"wp","href":"https:\/\/api.w.org\/{rel}","templated":true}]}}