{"id":5279,"date":"2020-07-23T12:01:44","date_gmt":"2020-07-23T10:01:44","guid":{"rendered":"http:\/\/emr-sb.de\/?page_id=5279"},"modified":"2020-07-23T12:33:28","modified_gmt":"2020-07-23T10:33:28","slug":"kontakt","status":"publish","type":"page","link":"https:\/\/emr-sb.de\/gb\/das-emr\/kontakt\/","title":{"rendered":"Kontakt"},"content":{"rendered":"<h3><img loading=\"lazy\" decoding=\"async\" class=\"size-medium wp-image-5280 alignright\" src=\"http:\/\/emr-sb.de\/wp-content\/uploads\/2020\/07\/Foto_EMR_JH_002-300x225.jpg\" alt=\"\" width=\"300\" height=\"225\" srcset=\"https:\/\/emr-sb.de\/wp-content\/uploads\/2020\/07\/Foto_EMR_JH_002-300x225.jpg 300w, https:\/\/emr-sb.de\/wp-content\/uploads\/2020\/07\/Foto_EMR_JH_002-768x576.jpg 768w, https:\/\/emr-sb.de\/wp-content\/uploads\/2020\/07\/Foto_EMR_JH_002-1024x768.jpg 1024w, https:\/\/emr-sb.de\/wp-content\/uploads\/2020\/07\/Foto_EMR_JH_002-1080x810.jpg 1080w, https:\/\/emr-sb.de\/wp-content\/uploads\/2020\/07\/Foto_EMR_JH_002.jpg 1280w\" sizes=\"(max-width: 300px) 100vw, 300px\" \/>\u00d6ffnungszeiten<\/h3>\n<p>Das B\u00fcro ist zu folgenden Zeiten besetzt:<\/p>\n<p>Montag bis Freitag 09:00 &#8211; 17:00 Uhr<\/p>\n<p>Sie finden uns auf dem Gel\u00e4nde des Saarl\u00e4ndischen Rundfunks auf dem Halberg in Saarbr\u00fccken.<\/p>\n<p>&nbsp;<\/p>\n<h3>Telefon &amp; E-Mail<\/h3>\n<p>Tel.: +49 (0)681\/906 766 76<\/p>\n<p>Fax: +49 (0)681\/968 638 90<\/p>\n<p>E-Mail: emr@emr-sb.de<\/p>\n<p>&nbsp;<\/p>\n<h3>Anschrift<\/h3>\n<p>Institut f\u00fcr Europ\u00e4isches Medienrecht e.V. (EMR)<\/p>\n<p>Franz-Mai-Stra\u00dfe 6<\/p>\n<p>66121 Saarbr\u00fccken<\/p>\n<p>Deutschland<\/p>\n<p>&nbsp;<\/p>\n","protected":false},"excerpt":{"rendered":"<p>\u00d6ffnungszeiten Das B\u00fcro ist zu folgenden Zeiten besetzt: Montag bis Freitag 09:00 &#8211; 17:00 Uhr Sie finden uns auf dem Gel\u00e4nde des Saarl\u00e4ndischen Rundfunks auf dem Halberg in Saarbr\u00fccken. &nbsp; Telefon &amp; E-Mail Tel.: +49 (0)681\/906 766 76 Fax: +49 (0)681\/968 638 90 E-Mail: emr@emr-sb.de &nbsp; Anschrift Institut f\u00fcr Europ\u00e4isches Medienrecht e.V. (EMR) Franz-Mai-Stra\u00dfe 6 [&hellip;]<\/p>\n","protected":false},"author":1,"featured_media":5280,"parent":196,"menu_order":0,"comment_status":"closed","ping_status":"closed","template":"","meta":{"_et_pb_use_builder":"","_et_pb_old_content":"","_et_gb_content_width":"","footnotes":""},"class_list":["post-5279","page","type-page","status-publish","has-post-thumbnail","hentry"],"translation":{"provider":"WPGlobus","version":"3.0.2","language":"gb","enabled_languages":["de","fr","gb"],"languages":{"de":{"title":true,"content":true,"excerpt":false},"fr":{"title":false,"content":false,"excerpt":false},"gb":{"title":false,"content":false,"excerpt":false}}},"_links":{"self":[{"href":"https:\/\/emr-sb.de\/gb\/wp-json\/wp\/v2\/pages\/5279","targetHints":{"allow":["GET"]}}],"collection":[{"href":"https:\/\/emr-sb.de\/gb\/wp-json\/wp\/v2\/pages"}],"about":[{"href":"https:\/\/emr-sb.de\/gb\/wp-json\/wp\/v2\/types\/page"}],"author":[{"embeddable":true,"href":"https:\/\/emr-sb.de\/gb\/wp-json\/wp\/v2\/users\/1"}],"replies":[{"embeddable":true,"href":"https:\/\/emr-sb.de\/gb\/wp-json\/wp\/v2\/comments?post=5279"}],"version-history":[{"count":4,"href":"https:\/\/emr-sb.de\/gb\/wp-json\/wp\/v2\/pages\/5279\/revisions"}],"predecessor-version":[{"id":5290,"href":"https:\/\/emr-sb.de\/gb\/wp-json\/wp\/v2\/pages\/5279\/revisions\/5290"}],"up":[{"embeddable":true,"href":"https:\/\/emr-sb.de\/gb\/wp-json\/wp\/v2\/pages\/196"}],"wp:featuredmedia":[{"embeddable":true,"href":"https:\/\/emr-sb.de\/gb\/wp-json\/wp\/v2\/media\/5280"}],"wp:attachment":[{"href":"https:\/\/emr-sb.de\/gb\/wp-json\/wp\/v2\/media?parent=5279"}],"curies":[{"name":"wp","href":"https:\/\/api.w.org\/{rel}","templated":true}]}}