{"id":592,"date":"2016-12-12T16:00:36","date_gmt":"2016-12-12T15:00:36","guid":{"rendered":"https:\/\/emr-sb.de\/?page_id=592"},"modified":"2016-12-23T12:44:05","modified_gmt":"2016-12-23T11:44:05","slug":"professor-dr-stephan-ory","status":"publish","type":"page","link":"https:\/\/emr-sb.de\/gb\/das-emr\/vorstand\/professor-dr-stephan-ory\/","title":{"rendered":"Professor Dr. Stephan Ory"},"content":{"rendered":"<div id=\"attachment_420\" style=\"width: 187px\" class=\"wp-caption alignright\"><img loading=\"lazy\" decoding=\"async\" aria-describedby=\"caption-attachment-420\" class=\"wp-image-420\" src=\"https:\/\/emr-sb.de\/wp-content\/uploads\/2016\/12\/20160914_Vorstand_Bild_ProfDrOry-237x300.jpg\" alt=\"20160914_vorstand_bild_profdrory\" width=\"177\" height=\"224\" srcset=\"https:\/\/emr-sb.de\/wp-content\/uploads\/2016\/12\/20160914_Vorstand_Bild_ProfDrOry-237x300.jpg 237w, https:\/\/emr-sb.de\/wp-content\/uploads\/2016\/12\/20160914_Vorstand_Bild_ProfDrOry.jpg 474w\" sizes=\"(max-width: 177px) 100vw, 177px\" \/><p id=\"caption-attachment-420\" class=\"wp-caption-text\">Der Vorstandsvorsitzende Professor Dr. Stephan Ory<\/p><\/div>\n<p><strong>Prof. Dr. Stephan Ory, Rechtsanwalt,<\/strong> <strong>\u00fcbernahm<\/strong><br \/>\n <strong>im Juli 2014 die Funktion als\u00a0Direktor des EMR.<\/strong><\/p>\n<p>Prof. Dr. Stephan Ory ist seit 1988 zur Rechtsanwaltschaft zugelassen, zun\u00e4chst beim Landgericht in Bonn.<\/p>\n<p>1990 erfolgte die Zulassung beim Landgericht Saarbr\u00fccken.<\/p>\n<p>Ory ist Gr\u00fcndungsmitglied, Vorsitzender und Direktor des Instituts f\u00fcr Europ\u00e4isches Medienrecht (EMR).<\/p>\n<p>Die Mitgliederversammlung des EMR hatte ihn Ende 2011 zum Vorsitzenden des Vorstandes gew\u00e4hlt.<\/p>\n<p>Er ist Vorsitzender des\u00a0 EDV-Gerichtstages, Mitglied des Studienkreises f\u00fcr Presserecht und Pressefreiheit e.V. . und seit dem Jahr 2001 Lehrbeauftragter.<\/p>\n<p>Im Jahr 2009 wurde er von der Universit\u00e4t des Saarlandes zum Honorarprofessor f\u00fcr Rundfunkrecht und Urheberrecht bestellt.<\/p>\n<p>Kontakt:<br \/>\nTel.: +49 6819927511<br \/>\neMail: <a href=\"mailto:emr@emr-sb.de\">emr@emr-sb.de<\/a><\/p>\n<p>\u00a9 Jennifer Weyland<\/p>\n","protected":false},"excerpt":{"rendered":"<p>Prof. Dr. Stephan Ory, Rechtsanwalt, \u00fcbernahm im Juli 2014 die Funktion als\u00a0Direktor des EMR. Prof. Dr. Stephan Ory ist seit 1988 zur Rechtsanwaltschaft zugelassen, zun\u00e4chst beim Landgericht in Bonn. 1990 erfolgte die Zulassung beim Landgericht Saarbr\u00fccken. Ory ist Gr\u00fcndungsmitglied, Vorsitzender und Direktor des Instituts f\u00fcr Europ\u00e4isches Medienrecht (EMR). Die Mitgliederversammlung des EMR hatte ihn Ende [&hellip;]<\/p>\n","protected":false},"author":2,"featured_media":0,"parent":261,"menu_order":0,"comment_status":"closed","ping_status":"closed","template":"","meta":{"_et_pb_use_builder":"","_et_pb_old_content":"","_et_gb_content_width":"","footnotes":""},"class_list":["post-592","page","type-page","status-publish","hentry"],"translation":{"provider":"WPGlobus","version":"3.0.2","language":"gb","enabled_languages":["de","fr","gb"],"languages":{"de":{"title":true,"content":true,"excerpt":false},"fr":{"title":false,"content":false,"excerpt":false},"gb":{"title":false,"content":false,"excerpt":false}}},"_links":{"self":[{"href":"https:\/\/emr-sb.de\/gb\/wp-json\/wp\/v2\/pages\/592","targetHints":{"allow":["GET"]}}],"collection":[{"href":"https:\/\/emr-sb.de\/gb\/wp-json\/wp\/v2\/pages"}],"about":[{"href":"https:\/\/emr-sb.de\/gb\/wp-json\/wp\/v2\/types\/page"}],"author":[{"embeddable":true,"href":"https:\/\/emr-sb.de\/gb\/wp-json\/wp\/v2\/users\/2"}],"replies":[{"embeddable":true,"href":"https:\/\/emr-sb.de\/gb\/wp-json\/wp\/v2\/comments?post=592"}],"version-history":[{"count":6,"href":"https:\/\/emr-sb.de\/gb\/wp-json\/wp\/v2\/pages\/592\/revisions"}],"predecessor-version":[{"id":600,"href":"https:\/\/emr-sb.de\/gb\/wp-json\/wp\/v2\/pages\/592\/revisions\/600"}],"up":[{"embeddable":true,"href":"https:\/\/emr-sb.de\/gb\/wp-json\/wp\/v2\/pages\/261"}],"wp:attachment":[{"href":"https:\/\/emr-sb.de\/gb\/wp-json\/wp\/v2\/media?parent=592"}],"curies":[{"name":"wp","href":"https:\/\/api.w.org\/{rel}","templated":true}]}}