{"id":7088,"date":"2024-05-10T09:10:30","date_gmt":"2024-05-10T07:10:30","guid":{"rendered":"https:\/\/emr-sb.de\/?page_id=7088"},"modified":"2024-05-10T09:29:03","modified_gmt":"2024-05-10T07:29:03","slug":"fachzeitschriften","status":"publish","type":"page","link":"https:\/\/emr-sb.de\/gb\/publikationen\/fachzeitschriften\/","title":{"rendered":"Fachzeitschriften"},"content":{"rendered":"<p>Das EMR zeichnet f\u00fcr regelm\u00e4\u00dfige Beitr\u00e4ge in medienrechtlich relevanten Fachzeitschriften in deutscher und englischer Sprache verantwortlich:<\/p>\n<table style=\"height: 96px; width: 100%; border-collapse: collapse; border-style: none;\">\n<tbody>\n<tr style=\"height: 24px;\">\n<td style=\"width: 12.931%; height: 24px;\"><a href=\"https:\/\/emr-sb.de\/publikationen\/fachzeitschriften\/afp\/\"><img loading=\"lazy\" decoding=\"async\" class=\"\" src=\"https:\/\/emr-sb.de\/wp-content\/uploads\/2022\/01\/AfP_Cover-scaled.jpg\" alt=\"\" width=\"183\" height=\"259\" \/><\/a><\/td>\n<td style=\"width: 87.069%; height: 24px; vertical-align: middle;\"><a href=\"https:\/\/emr-sb.de\/publikationen\/fachzeitschriften\/afp\/\"><strong>AfP &#8211; Zeitschrift f\u00fcr das gesamte Medienrecht<\/strong><\/a><\/td>\n<\/tr>\n<tr style=\"height: 24px;\">\n<td style=\"width: 12.931%; height: 24px;\"><a href=\"https:\/\/emr-sb.de\/publikationen\/fachzeitschriften\/edpl\/\"><img loading=\"lazy\" decoding=\"async\" class=\"\" src=\"https:\/\/emr-sb.de\/wp-content\/uploads\/2016\/11\/thumb.jpg\" alt=\"\" width=\"188\" height=\"252\" \/><\/a><\/td>\n<td style=\"width: 87.069%; height: 24px; vertical-align: middle;\"><a href=\"https:\/\/emr-sb.de\/publikationen\/fachzeitschriften\/edpl\/\"><strong>EDPL &#8211; European Data Protection Law Review<\/strong><\/a><\/td>\n<\/tr>\n<tr style=\"height: 24px;\">\n<td style=\"width: 12.931%; height: 24px;\"><a href=\"https:\/\/emr-sb.de\/publikationen\/fachzeitschriften\/mmr-news\/\"><img loading=\"lazy\" decoding=\"async\" class=\"\" src=\"https:\/\/emr-sb.de\/wp-content\/uploads\/2016\/11\/6377.jpg\" alt=\"\" width=\"191\" height=\"262\" \/><\/a><\/td>\n<td style=\"width: 87.069%; height: 24px; vertical-align: middle;\"><a href=\"https:\/\/emr-sb.de\/publikationen\/fachzeitschriften\/mmr-news\/\"><strong>Newsdienste MMR- und ZD-News<\/strong><\/a><\/td>\n<\/tr>\n<tr style=\"height: 24px;\">\n<td style=\"width: 12.931%; height: 24px;\"><a href=\"https:\/\/emr-sb.de\/publikationen\/fachzeitschriften\/ufita\/\"><img decoding=\"async\" src=\"https:\/\/emr-sb.de\/wp-content\/uploads\/2018\/12\/IMG_2996-194x300.jpg\" alt=\"\" \/><\/a><\/td>\n<td style=\"width: 87.069%; height: 24px; vertical-align: middle;\"><a href=\"https:\/\/emr-sb.de\/publikationen\/fachzeitschriften\/ufita\/\"><strong>UFITA &#8211; Archiv f\u00fcr Medienrecht und Medienwissenschaft<\/strong><\/a><\/td>\n<\/tr>\n<\/tbody>\n<\/table>\n<p>&nbsp;<\/p>\n","protected":false},"excerpt":{"rendered":"<p>Das EMR zeichnet f\u00fcr regelm\u00e4\u00dfige Beitr\u00e4ge in medienrechtlich relevanten Fachzeitschriften in deutscher und englischer Sprache verantwortlich: AfP &#8211; Zeitschrift f\u00fcr das gesamte Medienrecht EDPL &#8211; European Data Protection Law Review Newsdienste MMR- und ZD-News UFITA &#8211; Archiv f\u00fcr Medienrecht und Medienwissenschaft &nbsp;<\/p>\n","protected":false},"author":1,"featured_media":0,"parent":21,"menu_order":5,"comment_status":"closed","ping_status":"closed","template":"","meta":{"_et_pb_use_builder":"","_et_pb_old_content":"","_et_gb_content_width":"","footnotes":""},"class_list":["post-7088","page","type-page","status-publish","hentry"],"translation":{"provider":"WPGlobus","version":"3.0.2","language":"gb","enabled_languages":["de","fr","gb"],"languages":{"de":{"title":true,"content":true,"excerpt":false},"fr":{"title":false,"content":false,"excerpt":false},"gb":{"title":false,"content":false,"excerpt":false}}},"_links":{"self":[{"href":"https:\/\/emr-sb.de\/gb\/wp-json\/wp\/v2\/pages\/7088","targetHints":{"allow":["GET"]}}],"collection":[{"href":"https:\/\/emr-sb.de\/gb\/wp-json\/wp\/v2\/pages"}],"about":[{"href":"https:\/\/emr-sb.de\/gb\/wp-json\/wp\/v2\/types\/page"}],"author":[{"embeddable":true,"href":"https:\/\/emr-sb.de\/gb\/wp-json\/wp\/v2\/users\/1"}],"replies":[{"embeddable":true,"href":"https:\/\/emr-sb.de\/gb\/wp-json\/wp\/v2\/comments?post=7088"}],"version-history":[{"count":3,"href":"https:\/\/emr-sb.de\/gb\/wp-json\/wp\/v2\/pages\/7088\/revisions"}],"predecessor-version":[{"id":7094,"href":"https:\/\/emr-sb.de\/gb\/wp-json\/wp\/v2\/pages\/7088\/revisions\/7094"}],"up":[{"embeddable":true,"href":"https:\/\/emr-sb.de\/gb\/wp-json\/wp\/v2\/pages\/21"}],"wp:attachment":[{"href":"https:\/\/emr-sb.de\/gb\/wp-json\/wp\/v2\/media?parent=7088"}],"curies":[{"name":"wp","href":"https:\/\/api.w.org\/{rel}","templated":true}]}}