{"id":805,"date":"2016-12-14T10:02:26","date_gmt":"2016-12-14T09:02:26","guid":{"rendered":"https:\/\/emr-sb.de\/?page_id=805"},"modified":"2017-09-06T16:44:30","modified_gmt":"2017-09-06T14:44:30","slug":"die-korrespondenten","status":"publish","type":"page","link":"https:\/\/emr-sb.de\/gb\/das-emr\/die-korrespondenten\/","title":{"rendered":"Die Korrespondenten"},"content":{"rendered":"<p>In der heutigen globalen Medienwelt, \u00a0k\u00f6nnen Urteile, Gesetze und rechtspolitische Entwicklungen in Drittstaaten nicht nur wirtschaftliche, sondern auch rechtliche Auswirkungen auf Deutschland haben.<\/p>\n<p>Insbesondere die europarechtliche Ausrichtung des EMR schafft eine ausgezeichnete Basis, um \u00fcber aktuelle Entwicklungen aus dem medialen Sektor und in diesen \u00fcbergreifende Rechtsgebiete in Europa unterrichten zu k\u00f6nnen. Aus diesem Grund ist und war es dem EMR immer ein Anliegen, kontinuierlich ein internationales Korrespondentennetzwerk, das \u201eEMR Media Network\u201c, aufzubauen und zu unterhalten. Dieses besteht aus Vertretern der Medienpolitik, -wissenschaft und \u2013wirtschaft und umfasst aktuell rund 180 Korrespondenten in 40 insbesondere europ\u00e4ischen Staaten, aber zum Beispiel auch in den USA, Australien und Kanada. Die Korrespondenten unterst\u00fctzen das Institut bei der Informationserlangung und -aufbereitung.<\/p>\n<p>Durch die Berichterstattung der Korrespondenten vor Ort erlangt das EMR nicht nur vielf\u00e4ltige Erkenntnisse zu der rechtlichen Situation in dem jeweiligen Land, sondern profitiert auch von deren lokalem Hintergrundwissen. Auch auf Grund der gut funktionierenden Vernetzung publiziert das EMR seit Jahren vielf\u00e4ltige medienrechtliche Beitr\u00e4ge mit internationalen Bez\u00fcgen in juristischen Fachzeitschriften, aber auch zum Beispiel im Newsdienst der MultiMedia und Recht (MMR), und erstellt rechtsvergleichende Studien, wie zum Beispiel die im April 2016 ver\u00f6ffentlichte \u201eComparative Study on Investigative Journalism\u201c.<\/p>\n<p>Wir sind best\u00e4ndig darum bem\u00fcht, unser Netzwerk weiter auszubauen. Sollten Sie an einer Mitarbeit interessiert sein, freuen wir uns auf Ihre <a href=\"mailto:emr@emr-sb.de\">Anfrage<\/a>.<\/p>\n","protected":false},"excerpt":{"rendered":"<p>In der heutigen globalen Medienwelt, \u00a0k\u00f6nnen Urteile, Gesetze und rechtspolitische Entwicklungen in Drittstaaten nicht nur wirtschaftliche, sondern auch rechtliche Auswirkungen auf Deutschland haben. Insbesondere die europarechtliche Ausrichtung des EMR schafft eine ausgezeichnete Basis, um \u00fcber aktuelle Entwicklungen aus dem medialen Sektor und in diesen \u00fcbergreifende Rechtsgebiete in Europa unterrichten zu k\u00f6nnen. Aus diesem Grund ist [&hellip;]<\/p>\n","protected":false},"author":2,"featured_media":0,"parent":196,"menu_order":5,"comment_status":"closed","ping_status":"closed","template":"","meta":{"_et_pb_use_builder":"","_et_pb_old_content":"","_et_gb_content_width":"","footnotes":""},"class_list":["post-805","page","type-page","status-publish","hentry"],"translation":{"provider":"WPGlobus","version":"3.0.2","language":"gb","enabled_languages":["de","fr","gb"],"languages":{"de":{"title":true,"content":true,"excerpt":false},"fr":{"title":false,"content":false,"excerpt":false},"gb":{"title":false,"content":false,"excerpt":false}}},"_links":{"self":[{"href":"https:\/\/emr-sb.de\/gb\/wp-json\/wp\/v2\/pages\/805","targetHints":{"allow":["GET"]}}],"collection":[{"href":"https:\/\/emr-sb.de\/gb\/wp-json\/wp\/v2\/pages"}],"about":[{"href":"https:\/\/emr-sb.de\/gb\/wp-json\/wp\/v2\/types\/page"}],"author":[{"embeddable":true,"href":"https:\/\/emr-sb.de\/gb\/wp-json\/wp\/v2\/users\/2"}],"replies":[{"embeddable":true,"href":"https:\/\/emr-sb.de\/gb\/wp-json\/wp\/v2\/comments?post=805"}],"version-history":[{"count":8,"href":"https:\/\/emr-sb.de\/gb\/wp-json\/wp\/v2\/pages\/805\/revisions"}],"predecessor-version":[{"id":2295,"href":"https:\/\/emr-sb.de\/gb\/wp-json\/wp\/v2\/pages\/805\/revisions\/2295"}],"up":[{"embeddable":true,"href":"https:\/\/emr-sb.de\/gb\/wp-json\/wp\/v2\/pages\/196"}],"wp:attachment":[{"href":"https:\/\/emr-sb.de\/gb\/wp-json\/wp\/v2\/media?parent=805"}],"curies":[{"name":"wp","href":"https:\/\/api.w.org\/{rel}","templated":true}]}}